{"id":1311,"date":"2025-02-05T15:40:53","date_gmt":"2025-02-05T14:40:53","guid":{"rendered":"https:\/\/www.creatingsmiles.info\/?page_id=1311"},"modified":"2025-02-06T07:32:39","modified_gmt":"2025-02-06T06:32:39","slug":"segunda-opinion","status":"publish","type":"page","link":"https:\/\/www.creatingsmiles.info\/en\/segunda-opinion\/","title":{"rendered":"Second Opinion"},"content":{"rendered":"<div data-elementor-type=\"wp-page\" data-elementor-id=\"1311\" class=\"elementor elementor-1311\" data-elementor-post-type=\"page\">\n\t\t\t\t\t\t<section class=\"elementor-section elementor-top-section elementor-element elementor-element-7c89838d elementor-section-stretched elementor-section-height-min-height elementor-section-boxed elementor-section-height-default elementor-section-items-middle\" data-id=\"7c89838d\" data-element_type=\"section\" data-e-type=\"section\" data-settings=\"{&quot;stretch_section&quot;:&quot;section-stretched&quot;,&quot;background_background&quot;:&quot;classic&quot;,&quot;jet_parallax_layout_list&quot;:[]}\">\n\t\t\t\t\t\t<div class=\"elementor-container elementor-column-gap-default\">\n\t\t\t\t\t<div class=\"aux-parallax-section elementor-column elementor-col-100 elementor-top-column elementor-element elementor-element-51ad86fa aux-appear-watch-animation aux-fade-in-right\" data-id=\"51ad86fa\" data-element_type=\"column\" data-e-type=\"column\">\n\t\t\t<div class=\"elementor-widget-wrap elementor-element-populated\">\n\t\t\t\t\t\t<div class=\"elementor-element elementor-element-65ae90d0 elementor-widget elementor-widget-aux_modern_heading\" data-id=\"65ae90d0\" data-element_type=\"widget\" data-e-type=\"widget\" data-widget_type=\"aux_modern_heading.default\">\n\t\t\t\t<div class=\"elementor-widget-container\">\n\t\t\t\t\t<section class=\"aux-widget-modern-heading\">\n            <div class=\"aux-widget-inner\"><h2 class=\"aux-modern-heading-primary\">Second Opinion<\/h2><\/div>\n        <\/section>\t\t\t\t<\/div>\n\t\t\t\t<\/div>\n\t\t\t\t\t<\/div>\n\t\t<\/div>\n\t\t\t\t\t<\/div>\n\t\t<\/section>\n\t\t\t\t<section class=\"elementor-section elementor-top-section elementor-element elementor-element-1b9453a elementor-section-content-middle elementor-section-boxed elementor-section-height-default elementor-section-height-default\" data-id=\"1b9453a\" data-element_type=\"section\" data-e-type=\"section\" data-settings=\"{&quot;background_background&quot;:&quot;classic&quot;,&quot;jet_parallax_layout_list&quot;:[]}\">\n\t\t\t\t\t\t<div class=\"elementor-container elementor-column-gap-default\">\n\t\t\t\t\t<div class=\"aux-parallax-section elementor-column elementor-col-50 elementor-top-column elementor-element elementor-element-46800144 aux-appear-watch-animation aux-fade-in-left\" data-id=\"46800144\" data-element_type=\"column\" data-e-type=\"column\">\n\t\t\t<div class=\"elementor-widget-wrap elementor-element-populated\">\n\t\t\t\t\t\t<div class=\"elementor-element elementor-element-6b0f0e96 elementor-widget-mobile__width-initial elementor-widget elementor-widget-aux_image\" data-id=\"6b0f0e96\" data-element_type=\"widget\" data-e-type=\"widget\" data-widget_type=\"aux_image.default\">\n\t\t\t\t<div class=\"elementor-widget-container\">\n\t\t\t\t\t<section class=\"widget-container aux-widget-image aux-alignnone aux-parent-au4cfa2752\">\n    <div class=\"aux-media-hint-frame\">\n        <div class=\"aux-media-image\" >\n        \n            \n\n            \n            <img fetchpriority=\"high\" decoding=\"async\" width=\"2048\" height=\"1365\" src=\"data:image\/gif;base64,R0lGODlhAQABAIAAAAAAAP\/\/\/yH5BAEAAAAALAAAAAABAAEAAAIBRAA7\" class=\"aux-attachment aux-featured-image aux-attachment-id-1321 aux-preload aux-blank\" alt=\"IMG_0074Cl\u00ednica DR Schorle\" data-ratio=\"1.5\" data-original-w=\"2048\" data-src=\"https:\/\/www.creatingsmiles.info\/wp-content\/uploads\/2025\/02\/IMG_0074Clinica-DR-Schorle-scaled.jpg\" \/>            \n                <\/div>\n    <\/div>\n\n<\/section><!-- widget-container -->\t\t\t\t<\/div>\n\t\t\t\t<\/div>\n\t\t\t\t\t<\/div>\n\t\t<\/div>\n\t\t\t\t<div class=\"aux-parallax-section elementor-column elementor-col-50 elementor-top-column elementor-element elementor-element-30d8bdbd\" data-id=\"30d8bdbd\" data-element_type=\"column\" data-e-type=\"column\">\n\t\t\t<div class=\"elementor-widget-wrap elementor-element-populated\">\n\t\t\t\t\t\t<div class=\"elementor-element elementor-element-46fc4ae1 aux-appear-watch-animation aux-fade-in elementor-widget-tablet__width-initial elementor-widget-mobile__width-inherit elementor-widget elementor-widget-aux_modern_heading\" data-id=\"46fc4ae1\" data-element_type=\"widget\" data-e-type=\"widget\" data-widget_type=\"aux_modern_heading.default\">\n\t\t\t\t<div class=\"elementor-widget-container\">\n\t\t\t\t\t<section class=\"aux-widget-modern-heading\">\n            <div class=\"aux-widget-inner\"><h2 class=\"aux-modern-heading-primary\"><\/h2><h3 class=\"aux-modern-heading-secondary translation-block\"><span class=\"aux-head-before\">Second<br>Opinion <\/span><\/h3><div class=\"aux-modern-heading-divider\"><\/div><div class=\"aux-modern-heading-description\"><p>Independent expert advice for a better decision.\u00a0<\/p><\/div><\/div>\n        <\/section>\t\t\t\t<\/div>\n\t\t\t\t<\/div>\n\t\t\t\t\t<\/div>\n\t\t<\/div>\n\t\t\t\t\t<\/div>\n\t\t<\/section>\n\t\t\t\t<section class=\"elementor-section elementor-top-section elementor-element elementor-element-05204f3 elementor-section-boxed elementor-section-height-default elementor-section-height-default\" data-id=\"05204f3\" data-element_type=\"section\" data-e-type=\"section\" data-settings=\"{&quot;jet_parallax_layout_list&quot;:[]}\">\n\t\t\t\t\t\t<div class=\"elementor-container elementor-column-gap-default\">\n\t\t\t\t\t<div class=\"aux-parallax-section elementor-column elementor-col-33 elementor-top-column elementor-element elementor-element-c3d6291\" data-id=\"c3d6291\" data-element_type=\"column\" data-e-type=\"column\">\n\t\t\t<div class=\"elementor-widget-wrap elementor-element-populated\">\n\t\t\t\t\t\t<div class=\"elementor-element elementor-element-34e5ad1 elementor-widget elementor-widget-text-editor\" data-id=\"34e5ad1\" data-element_type=\"widget\" data-e-type=\"widget\" data-widget_type=\"text-editor.default\">\n\t\t\t\t<div class=\"elementor-widget-container\">\n\t\t\t\t\t\t\t\t\t<h4><strong>Don't trust your original dental treatment plan? Or do you have questions about it?<\/strong><\/h4><p>Don't let uncertainty affect the health of you and your family! Take advantage of our Second Opinion service.<\/p><p>The following doctors will give you a second opinion in our clinic.<\/p><h4>Personality Specialisation Languages:<\/h4><p><strong>Dr. Schorle, Daniel <em>Prosthodontist:<\/em><\/strong> Spanish, English, German, Norwegian, Hungarian<\/p><p><strong>Dr. Gonzalez Garc\u00eda, Miguel Angel <em>Dentist:<\/em><\/strong> Spanish, English<\/p><p><strong>Dr. Pera Bilbao, Eduardo <em>Orthodontist:<\/em><\/strong> Spanish, French<\/p><p><strong>Dr. Su\u00e1rez S\u00e1nchez, Luis Miguel <em>Dental<\/em> <em>surgeon:<\/em><\/strong> Spanish, English<\/p><p><strong>Dr. Garc\u00eda Murcia, Jose Mar\u00eda <em>Dentist:<\/em><\/strong> Spanish, English<\/p><p><strong>Dr. Garc\u00eda Belando, Andr\u00e9s <em>Periodontist:<\/em><\/strong> Spanish, English<\/p><p><strong>Murgoci, Oana Madalina <em>Hygienist<\/em><\/strong>: Spanish, English, Romanian<\/p>\t\t\t\t\t\t\t\t<\/div>\n\t\t\t\t<\/div>\n\t\t\t\t\t<\/div>\n\t\t<\/div>\n\t\t\t\t<div class=\"aux-parallax-section elementor-column elementor-col-66 elementor-top-column elementor-element elementor-element-d6460a7\" data-id=\"d6460a7\" data-element_type=\"column\" data-e-type=\"column\">\n\t\t\t<div class=\"elementor-widget-wrap elementor-element-populated\">\n\t\t\t\t\t\t<div class=\"elementor-element elementor-element-dcfc1d8 elementor-widget elementor-widget-jet-video\" data-id=\"dcfc1d8\" data-element_type=\"widget\" data-e-type=\"widget\" data-widget_type=\"jet-video.default\">\n\t\t\t\t<div class=\"elementor-widget-container\">\n\t\t\t\t\t<div class=\"elementor-jet-video jet-elements\">\n<div class=\"jet-video jet-video--fa5-compat\" data-settings=\"{&quot;lightbox&quot;:false,&quot;autoplay&quot;:false}\"><video class=\"jet-video-player jet-video-html5-player jet-video-custom-play-button\" src=\"https:\/\/www.creatingsmiles.info\/wp-content\/uploads\/2025\/02\/secon_video.mp4\" controls=\"\" playsinline=\"\" controlslist=\"nodownload\"><\/video>\n<div class=\"jet-video__overlay\">\n<div class=\"jet-video__play-button\" role=\"button\" tabindex=\"0\" aria-label=\"Video play button\"><span class=\"jet-elements-icon jet-video__play-button-icon\"><i aria-hidden=\"true\" class=\"fas fa-play\"><\/i><\/span>\t<span class=\"elementor-screen-only\">Play Video<\/span>\n<\/div>\n<\/div>\n<\/div>\n<\/div>\t\t\t\t<\/div>\n\t\t\t\t<\/div>\n\t\t\t\t\t<\/div>\n\t\t<\/div>\n\t\t\t\t\t<\/div>\n\t\t<\/section>\n\t\t\t\t<section class=\"elementor-section elementor-top-section elementor-element elementor-element-a4626c1 elementor-section-boxed elementor-section-height-default elementor-section-height-default\" data-id=\"a4626c1\" data-element_type=\"section\" data-e-type=\"section\" data-settings=\"{&quot;jet_parallax_layout_list&quot;:[]}\">\n\t\t\t\t\t\t<div class=\"elementor-container elementor-column-gap-default\">\n\t\t\t\t\t<div class=\"aux-parallax-section elementor-column elementor-col-25 elementor-top-column elementor-element elementor-element-be35086\" data-id=\"be35086\" data-element_type=\"column\" data-e-type=\"column\">\n\t\t\t<div class=\"elementor-widget-wrap\">\n\t\t\t\t\t\t\t<\/div>\n\t\t<\/div>\n\t\t\t\t<div class=\"aux-parallax-section elementor-column elementor-col-50 elementor-top-column elementor-element elementor-element-27cabf9\" data-id=\"27cabf9\" data-element_type=\"column\" data-e-type=\"column\">\n\t\t\t<div class=\"elementor-widget-wrap elementor-element-populated\">\n\t\t\t\t\t\t<div class=\"elementor-element elementor-element-4f6dae1 elementor-widget elementor-widget-aux_modern_heading\" data-id=\"4f6dae1\" data-element_type=\"widget\" data-e-type=\"widget\" data-widget_type=\"aux_modern_heading.default\">\n\t\t\t\t<div class=\"elementor-widget-container\">\n\t\t\t\t\t<section class=\"aux-widget-modern-heading\">\n            <div class=\"aux-widget-inner\"><h2 class=\"aux-modern-heading-primary\"><\/h2><div class=\"aux-modern-heading-description\"><h4 style=\"text-align: center\">You can send your material for the second opinion to the following e-mail address: <a href=\"mailto:info@creatingsmiles.info\"><span style=\"color: #5781ab\">info@creatingsmiles.info<\/span><\/a><\/h4><h4 style=\"text-align: center\">When you contact us, we will let you know what information and conditions we need to give you a second opinion.<\/h4><h4 style=\"text-align: center\"><span style=\"color: #5781ab\">We can provide you with the second opinion for 29 Euros.<\/span><\/h4><\/div><\/div>\n        <\/section>\t\t\t\t<\/div>\n\t\t\t\t<\/div>\n\t\t\t\t\t<\/div>\n\t\t<\/div>\n\t\t\t\t<div class=\"aux-parallax-section elementor-column elementor-col-25 elementor-top-column elementor-element elementor-element-15a2e99\" data-id=\"15a2e99\" data-element_type=\"column\" data-e-type=\"column\">\n\t\t\t<div class=\"elementor-widget-wrap\">\n\t\t\t\t\t\t\t<\/div>\n\t\t<\/div>\n\t\t\t\t\t<\/div>\n\t\t<\/section>\n\t\t\t\t<\/div>","protected":false},"excerpt":{"rendered":"<p>Segunda Opini\u00f3n Segundaopini\u00f3n Asesoramiento experto independiente para una mejor decisi\u00f3n.\u00a0 \u00bfNo conf\u00eda en su plan de tratamiento dental original? \u00bfO tiene dudas al respecto? No deje que la incertidumbre afecte a su salud y a la de su familia. Aproveche nuestro servicio de Segunda Opini\u00f3n. Los siguientes doctores le dar\u00e1n una segunda opini\u00f3n en nuestra [&hellip;]<\/p>\n","protected":false},"author":1,"featured_media":0,"parent":0,"menu_order":0,"comment_status":"closed","ping_status":"closed","template":"templates\/page-builder-content.php","meta":{"rs_blank_template":"","rs_page_bg_color":"","slide_template_v7":"","footnotes":""},"class_list":["post-1311","page","type-page","status-publish","hentry"],"_links":{"self":[{"href":"https:\/\/www.creatingsmiles.info\/en\/wp-json\/wp\/v2\/pages\/1311","targetHints":{"allow":["GET"]}}],"collection":[{"href":"https:\/\/www.creatingsmiles.info\/en\/wp-json\/wp\/v2\/pages"}],"about":[{"href":"https:\/\/www.creatingsmiles.info\/en\/wp-json\/wp\/v2\/types\/page"}],"author":[{"embeddable":true,"href":"https:\/\/www.creatingsmiles.info\/en\/wp-json\/wp\/v2\/users\/1"}],"replies":[{"embeddable":true,"href":"https:\/\/www.creatingsmiles.info\/en\/wp-json\/wp\/v2\/comments?post=1311"}],"version-history":[{"count":55,"href":"https:\/\/www.creatingsmiles.info\/en\/wp-json\/wp\/v2\/pages\/1311\/revisions"}],"predecessor-version":[{"id":1372,"href":"https:\/\/www.creatingsmiles.info\/en\/wp-json\/wp\/v2\/pages\/1311\/revisions\/1372"}],"wp:attachment":[{"href":"https:\/\/www.creatingsmiles.info\/en\/wp-json\/wp\/v2\/media?parent=1311"}],"curies":[{"name":"wp","href":"https:\/\/api.w.org\/{rel}","templated":true}]}}