{"id":857,"date":"2024-03-20T09:29:59","date_gmt":"2024-03-20T08:29:59","guid":{"rendered":"https:\/\/www.creatingsmiles.info\/?page_id=857"},"modified":"2024-03-20T10:10:52","modified_gmt":"2024-03-20T09:10:52","slug":"orthodontics","status":"publish","type":"page","link":"https:\/\/www.creatingsmiles.info\/en\/orthodontics\/","title":{"rendered":"Orthodontics"},"content":{"rendered":"<div data-elementor-type=\"wp-page\" data-elementor-id=\"857\" class=\"elementor elementor-857\" data-elementor-post-type=\"page\">\n\t\t\t\t\t\t<section class=\"elementor-section elementor-top-section elementor-element elementor-element-7c89838d elementor-section-stretched elementor-section-height-min-height elementor-section-boxed elementor-section-height-default elementor-section-items-middle\" data-id=\"7c89838d\" data-element_type=\"section\" data-e-type=\"section\" data-settings=\"{&quot;stretch_section&quot;:&quot;section-stretched&quot;,&quot;background_background&quot;:&quot;classic&quot;,&quot;jet_parallax_layout_list&quot;:[]}\">\n\t\t\t\t\t\t<div class=\"elementor-container elementor-column-gap-default\">\n\t\t\t\t\t<div class=\"aux-parallax-section elementor-column elementor-col-100 elementor-top-column elementor-element elementor-element-51ad86fa aux-appear-watch-animation aux-fade-in-right\" data-id=\"51ad86fa\" data-element_type=\"column\" data-e-type=\"column\">\n\t\t\t<div class=\"elementor-widget-wrap elementor-element-populated\">\n\t\t\t\t\t\t<div class=\"elementor-element elementor-element-65ae90d0 elementor-widget elementor-widget-aux_modern_heading\" data-id=\"65ae90d0\" data-element_type=\"widget\" data-e-type=\"widget\" data-widget_type=\"aux_modern_heading.default\">\n\t\t\t\t<div class=\"elementor-widget-container\">\n\t\t\t\t\t<section class=\"aux-widget-modern-heading\">\n            <div class=\"aux-widget-inner\"><h2 class=\"aux-modern-heading-primary\">Orthodontics<\/h2><\/div>\n        <\/section>\t\t\t\t<\/div>\n\t\t\t\t<\/div>\n\t\t\t\t\t<\/div>\n\t\t<\/div>\n\t\t\t\t\t<\/div>\n\t\t<\/section>\n\t\t\t\t<section class=\"elementor-section elementor-top-section elementor-element elementor-element-1b9453a elementor-section-content-middle elementor-section-boxed elementor-section-height-default elementor-section-height-default\" data-id=\"1b9453a\" data-element_type=\"section\" data-e-type=\"section\" data-settings=\"{&quot;background_background&quot;:&quot;classic&quot;,&quot;jet_parallax_layout_list&quot;:[]}\">\n\t\t\t\t\t\t<div class=\"elementor-container elementor-column-gap-default\">\n\t\t\t\t\t<div class=\"aux-parallax-section elementor-column elementor-col-50 elementor-top-column elementor-element elementor-element-46800144 aux-appear-watch-animation aux-fade-in-left\" data-id=\"46800144\" data-element_type=\"column\" data-e-type=\"column\">\n\t\t\t<div class=\"elementor-widget-wrap elementor-element-populated\">\n\t\t\t\t\t\t<div class=\"elementor-element elementor-element-6b0f0e96 elementor-widget-mobile__width-initial elementor-widget elementor-widget-aux_image\" data-id=\"6b0f0e96\" data-element_type=\"widget\" data-e-type=\"widget\" data-widget_type=\"aux_image.default\">\n\t\t\t\t<div class=\"elementor-widget-container\">\n\t\t\t\t\t<section class=\"widget-container aux-widget-image aux-alignnone aux-parent-auf6bd4dd0\">\n    <div class=\"aux-media-hint-frame\">\n        <div class=\"aux-media-image\" >\n        \n            \n\n            \n            <img fetchpriority=\"high\" decoding=\"async\" width=\"1200\" height=\"734\" src=\"data:image\/gif;base64,R0lGODlhAQABAIAAAAAAAP\/\/\/yH5BAEAAAAALAAAAAABAAEAAAIBRAA7\" class=\"aux-attachment aux-featured-image aux-attachment-id-862 aux-preload aux-blank\" data-ratio=\"1.63\" data-original-w=\"1200\" data-src=\"https:\/\/www.creatingsmiles.info\/wp-content\/uploads\/2024\/03\/ortodoncia.jpg\" \/>            \n                <\/div>\n    <\/div>\n\n<\/section><!-- widget-container -->\t\t\t\t<\/div>\n\t\t\t\t<\/div>\n\t\t\t\t\t<\/div>\n\t\t<\/div>\n\t\t\t\t<div class=\"aux-parallax-section elementor-column elementor-col-50 elementor-top-column elementor-element elementor-element-30d8bdbd\" data-id=\"30d8bdbd\" data-element_type=\"column\" data-e-type=\"column\">\n\t\t\t<div class=\"elementor-widget-wrap elementor-element-populated\">\n\t\t\t\t\t\t<div class=\"elementor-element elementor-element-46fc4ae1 aux-appear-watch-animation aux-fade-in elementor-widget-tablet__width-initial elementor-widget-mobile__width-inherit elementor-widget elementor-widget-aux_modern_heading\" data-id=\"46fc4ae1\" data-element_type=\"widget\" data-e-type=\"widget\" data-widget_type=\"aux_modern_heading.default\">\n\t\t\t\t<div class=\"elementor-widget-container\">\n\t\t\t\t\t<section class=\"aux-widget-modern-heading\">\n            <div class=\"aux-widget-inner\"><h2 class=\"aux-modern-heading-primary\"><\/h2><h3 class=\"aux-modern-heading-secondary\"><span class=\"aux-head-before\">Orthodontics<\/span><\/h3><div class=\"aux-modern-heading-divider\"><\/div><div class=\"aux-modern-heading-description\"><p>There are many types of orthodontics, it is important to know which one is the most suitable for each person\u2019s needs.<\/p><\/div><\/div>\n        <\/section>\t\t\t\t<\/div>\n\t\t\t\t<\/div>\n\t\t\t\t\t<\/div>\n\t\t<\/div>\n\t\t\t\t\t<\/div>\n\t\t<\/section>\n\t\t\t\t<section class=\"elementor-section elementor-top-section elementor-element elementor-element-46f118c elementor-section-boxed elementor-section-height-default elementor-section-height-default\" data-id=\"46f118c\" data-element_type=\"section\" data-e-type=\"section\" data-settings=\"{&quot;jet_parallax_layout_list&quot;:[]}\">\n\t\t\t\t\t\t<div class=\"elementor-container elementor-column-gap-default\">\n\t\t\t\t\t<div class=\"aux-parallax-section elementor-column elementor-col-100 elementor-top-column elementor-element elementor-element-9bd63b7\" data-id=\"9bd63b7\" data-element_type=\"column\" data-e-type=\"column\">\n\t\t\t<div class=\"elementor-widget-wrap elementor-element-populated\">\n\t\t\t\t\t\t<div class=\"elementor-element elementor-element-34e5ad1 elementor-widget elementor-widget-text-editor\" data-id=\"34e5ad1\" data-element_type=\"widget\" data-e-type=\"widget\" data-widget_type=\"text-editor.default\">\n\t\t\t\t<div class=\"elementor-widget-container\">\n\t\t\t\t\t\t\t\t\t<p><strong>Orthodontics in Orihuela<\/strong><\/p><p>Orthodontics is the dental specialty dedicated to correcting structural problems of the oral cavity and poorly positioned teeth. With our orthodontic treatments in Orihuela, we will find the right way to transform your smile and improve both the functionality of the bite and your own self-confidence.<\/p><p>In our dental clinic in Orihuela we work with the most advanced systems to offer you the most aesthetic solution to your problem of malocclusion or positioning of your teeth.<\/p><p><strong>Types of orthodontics<\/strong><\/p><p>Depending on the needs of each patient, our dentist in Orihuela will advise you on the type of orthodontics that best suits your situation.\nFor this reason, we have different types of \u201cbraces\u201d.<\/p><h4><span style=\"color: #5781ab;\">METAL BRACKETS<\/span><\/h4><p>Made up of three parts (arch, ligature and brackets), this technique helps to position the teeth properly, improve the bite and, consequently, the patient's quality of life.<\/p><h4><span style=\"color: #5781ab;\">LINGUAL BRACKETS<\/span><\/h4><p>They have an aesthetic component, as they are placed on the palatal and lingual side of the teeth, making them invisible.<\/p><h4><span style=\"color: #5781ab;\">AESTHETIC BRACKETS<\/span><\/h4><p>Manufactured in various materials among which ceramics and sapphire stand out for their quality and resistance. With an appearance in white and transparent shades, they go totally unnoticed and are equally effective as the metallic ones.<\/p><h4><span style=\"color: #5781ab;\">DAMON BRACKETS<\/span><\/h4><p>Formed by self-ligating brackets, they provide more tooth movement for the patient and the duration of treatment is much shorter. They are especially notable for improving facial aesthetics and the smile.<\/p><p><strong>Invisible orthodontics<\/strong><\/p><p>This revolutionary system is composed of transparent and removable splints, and has become the main choice of our adult patients. Designed from a 3D computer program that marks the evolution of the whole treatment, it is necessary to renew them so that they change the position of the teeth weekly.<\/p><p>The splints are made from a completely translucent and very discreet material. You will not feel any discomfort and you will be able to extract them during meals, when brushing daily, or on the occasions you prefer.<\/p><p>Furthermore, the fact that you can carry out a complete hygiene of the oral cavity reduces the possibility of suffering from diseases such as caries or periodontitis.<\/p><p>Ask for a complete check-up of your oral condition at our Dental Clinic in Orihuela, and we will give you more information about all the orthodontic options we have available.<\/p>\t\t\t\t\t\t\t\t<\/div>\n\t\t\t\t<\/div>\n\t\t\t\t\t<\/div>\n\t\t<\/div>\n\t\t\t\t\t<\/div>\n\t\t<\/section>\n\t\t\t\t<\/div>","protected":false},"excerpt":{"rendered":"<p>Ortodoncia Ortodoncia Hay muchos tipos de ortodoncia, es importante saber cu\u00e1l es el m\u00e1s adecuado para las necesidades de cada persona. Ortodoncia en Orihuela La ortodoncia es la especialidad odontol\u00f3gica dedicada a corregir problemas estructurales de la cavidad oral y dientes mal posicionados. Con nuestros tratamientos de ortodoncia en Orihuela, encontraremos la forma adecuada de [&hellip;]<\/p>\n","protected":false},"author":1,"featured_media":0,"parent":0,"menu_order":0,"comment_status":"closed","ping_status":"closed","template":"templates\/page-builder-content.php","meta":{"rs_blank_template":"","rs_page_bg_color":"","slide_template_v7":"","footnotes":""},"class_list":["post-857","page","type-page","status-publish","hentry"],"_links":{"self":[{"href":"https:\/\/www.creatingsmiles.info\/en\/wp-json\/wp\/v2\/pages\/857","targetHints":{"allow":["GET"]}}],"collection":[{"href":"https:\/\/www.creatingsmiles.info\/en\/wp-json\/wp\/v2\/pages"}],"about":[{"href":"https:\/\/www.creatingsmiles.info\/en\/wp-json\/wp\/v2\/types\/page"}],"author":[{"embeddable":true,"href":"https:\/\/www.creatingsmiles.info\/en\/wp-json\/wp\/v2\/users\/1"}],"replies":[{"embeddable":true,"href":"https:\/\/www.creatingsmiles.info\/en\/wp-json\/wp\/v2\/comments?post=857"}],"version-history":[{"count":7,"href":"https:\/\/www.creatingsmiles.info\/en\/wp-json\/wp\/v2\/pages\/857\/revisions"}],"predecessor-version":[{"id":880,"href":"https:\/\/www.creatingsmiles.info\/en\/wp-json\/wp\/v2\/pages\/857\/revisions\/880"}],"wp:attachment":[{"href":"https:\/\/www.creatingsmiles.info\/en\/wp-json\/wp\/v2\/media?parent=857"}],"curies":[{"name":"wp","href":"https:\/\/api.w.org\/{rel}","templated":true}]}}