{"id":881,"date":"2024-03-20T10:12:38","date_gmt":"2024-03-20T09:12:38","guid":{"rendered":"https:\/\/www.creatingsmiles.info\/?page_id=881"},"modified":"2024-03-20T10:41:31","modified_gmt":"2024-03-20T09:41:31","slug":"endodontics","status":"publish","type":"page","link":"https:\/\/www.creatingsmiles.info\/en\/endodontics\/","title":{"rendered":"Endodontics"},"content":{"rendered":"<div data-elementor-type=\"wp-page\" data-elementor-id=\"881\" class=\"elementor elementor-881\" data-elementor-post-type=\"page\">\n\t\t\t\t\t\t<section class=\"elementor-section elementor-top-section elementor-element elementor-element-7c89838d elementor-section-stretched elementor-section-height-min-height elementor-section-boxed elementor-section-height-default elementor-section-items-middle\" data-id=\"7c89838d\" data-element_type=\"section\" data-e-type=\"section\" data-settings=\"{&quot;stretch_section&quot;:&quot;section-stretched&quot;,&quot;background_background&quot;:&quot;classic&quot;,&quot;jet_parallax_layout_list&quot;:[]}\">\n\t\t\t\t\t\t<div class=\"elementor-container elementor-column-gap-default\">\n\t\t\t\t\t<div class=\"aux-parallax-section elementor-column elementor-col-100 elementor-top-column elementor-element elementor-element-51ad86fa aux-appear-watch-animation aux-fade-in-right\" data-id=\"51ad86fa\" data-element_type=\"column\" data-e-type=\"column\">\n\t\t\t<div class=\"elementor-widget-wrap elementor-element-populated\">\n\t\t\t\t\t\t<div class=\"elementor-element elementor-element-65ae90d0 elementor-widget elementor-widget-aux_modern_heading\" data-id=\"65ae90d0\" data-element_type=\"widget\" data-e-type=\"widget\" data-widget_type=\"aux_modern_heading.default\">\n\t\t\t\t<div class=\"elementor-widget-container\">\n\t\t\t\t\t<section class=\"aux-widget-modern-heading\">\n            <div class=\"aux-widget-inner\"><h2 class=\"aux-modern-heading-primary\">Endodontics<\/h2><\/div>\n        <\/section>\t\t\t\t<\/div>\n\t\t\t\t<\/div>\n\t\t\t\t\t<\/div>\n\t\t<\/div>\n\t\t\t\t\t<\/div>\n\t\t<\/section>\n\t\t\t\t<section class=\"elementor-section elementor-top-section elementor-element elementor-element-1b9453a elementor-section-content-middle elementor-section-boxed elementor-section-height-default elementor-section-height-default\" data-id=\"1b9453a\" data-element_type=\"section\" data-e-type=\"section\" data-settings=\"{&quot;background_background&quot;:&quot;classic&quot;,&quot;jet_parallax_layout_list&quot;:[]}\">\n\t\t\t\t\t\t<div class=\"elementor-container elementor-column-gap-default\">\n\t\t\t\t\t<div class=\"aux-parallax-section elementor-column elementor-col-50 elementor-top-column elementor-element elementor-element-46800144 aux-appear-watch-animation aux-fade-in-left\" data-id=\"46800144\" data-element_type=\"column\" data-e-type=\"column\">\n\t\t\t<div class=\"elementor-widget-wrap elementor-element-populated\">\n\t\t\t\t\t\t<div class=\"elementor-element elementor-element-6b0f0e96 elementor-widget-mobile__width-initial elementor-widget elementor-widget-aux_image\" data-id=\"6b0f0e96\" data-element_type=\"widget\" data-e-type=\"widget\" data-widget_type=\"aux_image.default\">\n\t\t\t\t<div class=\"elementor-widget-container\">\n\t\t\t\t\t<section class=\"widget-container aux-widget-image aux-alignnone aux-parent-au01ad76da\">\n    <div class=\"aux-media-hint-frame\">\n        <div class=\"aux-media-image\" >\n        \n            \n\n            \n            <img fetchpriority=\"high\" decoding=\"async\" width=\"768\" height=\"768\" src=\"data:image\/gif;base64,R0lGODlhAQABAIAAAAAAAP\/\/\/yH5BAEAAAAALAAAAAABAAEAAAIBRAA7\" class=\"aux-attachment aux-featured-image aux-attachment-id-886 aux-preload aux-blank\" data-ratio=\"1\" data-original-w=\"1365\" sizes=\"auto\" data-srcset=\"https:\/\/www.creatingsmiles.info\/wp-content\/uploads\/2024\/03\/IMG_7412-150x150.jpg 150w,https:\/\/www.creatingsmiles.info\/wp-content\/uploads\/2024\/03\/IMG_7412-300x300.jpg 300w,https:\/\/www.creatingsmiles.info\/wp-content\/uploads\/2024\/03\/IMG_7412-768x768.jpg 768w,https:\/\/www.creatingsmiles.info\/wp-content\/uploads\/2024\/03\/IMG_7412-1024x1024.jpg 1024w,https:\/\/www.creatingsmiles.info\/wp-content\/uploads\/2024\/03\/IMG_7412-768x768.jpg 768w\" data-src=\"https:\/\/www.creatingsmiles.info\/wp-content\/uploads\/2024\/03\/IMG_7412-768x768.jpg\" \/>            \n                <\/div>\n    <\/div>\n\n<\/section><!-- widget-container -->\t\t\t\t<\/div>\n\t\t\t\t<\/div>\n\t\t\t\t\t<\/div>\n\t\t<\/div>\n\t\t\t\t<div class=\"aux-parallax-section elementor-column elementor-col-50 elementor-top-column elementor-element elementor-element-30d8bdbd\" data-id=\"30d8bdbd\" data-element_type=\"column\" data-e-type=\"column\">\n\t\t\t<div class=\"elementor-widget-wrap elementor-element-populated\">\n\t\t\t\t\t\t<div class=\"elementor-element elementor-element-46fc4ae1 aux-appear-watch-animation aux-fade-in elementor-widget-tablet__width-initial elementor-widget-mobile__width-inherit elementor-widget elementor-widget-aux_modern_heading\" data-id=\"46fc4ae1\" data-element_type=\"widget\" data-e-type=\"widget\" data-widget_type=\"aux_modern_heading.default\">\n\t\t\t\t<div class=\"elementor-widget-container\">\n\t\t\t\t\t<section class=\"aux-widget-modern-heading\">\n            <div class=\"aux-widget-inner\"><h2 class=\"aux-modern-heading-primary\"><\/h2><h3 class=\"aux-modern-heading-secondary\"><span class=\"aux-head-before\">Endodontics<\/span><\/h3><div class=\"aux-modern-heading-divider\"><\/div><div class=\"aux-modern-heading-description\"><p>Endodontics is the conservative treatment that aims to save a tooth, when it is dead, diseased or damaged. Commonly known as \u201ckilling the nerve\u201d, it is the last resort to save a diseased tooth, without the need to extract it, allowing the tooth to retain its function.<\/p><\/div><\/div>\n        <\/section>\t\t\t\t<\/div>\n\t\t\t\t<\/div>\n\t\t\t\t\t<\/div>\n\t\t<\/div>\n\t\t\t\t\t<\/div>\n\t\t<\/section>\n\t\t\t\t<section class=\"elementor-section elementor-top-section elementor-element elementor-element-46f118c elementor-section-boxed elementor-section-height-default elementor-section-height-default\" data-id=\"46f118c\" data-element_type=\"section\" data-e-type=\"section\" data-settings=\"{&quot;jet_parallax_layout_list&quot;:[]}\">\n\t\t\t\t\t\t<div class=\"elementor-container elementor-column-gap-default\">\n\t\t\t\t\t<div class=\"aux-parallax-section elementor-column elementor-col-100 elementor-top-column elementor-element elementor-element-9bd63b7\" data-id=\"9bd63b7\" data-element_type=\"column\" data-e-type=\"column\">\n\t\t\t<div class=\"elementor-widget-wrap elementor-element-populated\">\n\t\t\t\t\t\t<div class=\"elementor-element elementor-element-34e5ad1 elementor-widget elementor-widget-text-editor\" data-id=\"34e5ad1\" data-element_type=\"widget\" data-e-type=\"widget\" data-widget_type=\"text-editor.default\">\n\t\t\t\t<div class=\"elementor-widget-container\">\n\t\t\t\t\t\t\t\t\t<p class=\"elementor-image-box-description\"><b>We can save your teeth!<\/b><\/p><p class=\"elementor-image-box-description\">The procedures of Conservative Dentistry help to maintain the natural teeth in adequate conditions, as well as to avoid and prevent the appearance and development of serious oral diseases.<\/p><p>\u00a0<\/p>\t\t\t\t\t\t\t\t<\/div>\n\t\t\t\t<\/div>\n\t\t\t\t\t<\/div>\n\t\t<\/div>\n\t\t\t\t\t<\/div>\n\t\t<\/section>\n\t\t\t\t<section class=\"elementor-section elementor-top-section elementor-element elementor-element-ec35e96 elementor-section-boxed elementor-section-height-default elementor-section-height-default\" data-id=\"ec35e96\" data-element_type=\"section\" data-e-type=\"section\" data-settings=\"{&quot;jet_parallax_layout_list&quot;:[]}\">\n\t\t\t\t\t\t<div class=\"elementor-container elementor-column-gap-default\">\n\t\t\t\t\t<div class=\"aux-parallax-section elementor-column elementor-col-33 elementor-top-column elementor-element elementor-element-8355b70\" data-id=\"8355b70\" data-element_type=\"column\" data-e-type=\"column\">\n\t\t\t<div class=\"elementor-widget-wrap elementor-element-populated\">\n\t\t\t\t\t\t<div class=\"elementor-element elementor-element-5a55411 elementor-widget__width-initial elementor-widget-tablet__width-initial elementor-widget elementor-widget-image\" data-id=\"5a55411\" data-element_type=\"widget\" data-e-type=\"widget\" data-widget_type=\"image.default\">\n\t\t\t\t<div class=\"elementor-widget-container\">\n\t\t\t\t\t\t\t\t\t\t\t\t\t\t\t<img decoding=\"async\" width=\"191\" height=\"300\" src=\"https:\/\/www.creatingsmiles.info\/wp-content\/uploads\/2024\/03\/ENDODONCIA-191x300-1.jpg\" class=\"attachment-full size-full wp-image-887\" alt=\"\" srcset=\"https:\/\/www.creatingsmiles.info\/wp-content\/uploads\/2024\/03\/ENDODONCIA-191x300-1.jpg 191w, https:\/\/www.creatingsmiles.info\/wp-content\/uploads\/2024\/03\/ENDODONCIA-191x300-1-8x12.jpg 8w\" sizes=\"(max-width: 191px) 100vw, 191px\" \/>\t\t\t\t\t\t\t\t\t\t\t\t\t\t\t<\/div>\n\t\t\t\t<\/div>\n\t\t\t\t\t<\/div>\n\t\t<\/div>\n\t\t\t\t<div class=\"aux-parallax-section elementor-column elementor-col-66 elementor-top-column elementor-element elementor-element-00452f2\" data-id=\"00452f2\" data-element_type=\"column\" data-e-type=\"column\">\n\t\t\t<div class=\"elementor-widget-wrap elementor-element-populated\">\n\t\t\t\t\t\t<div class=\"elementor-element elementor-element-182c598 elementor-widget__width-initial elementor-widget elementor-widget-text-editor\" data-id=\"182c598\" data-element_type=\"widget\" data-e-type=\"widget\" data-widget_type=\"text-editor.default\">\n\t\t\t\t<div class=\"elementor-widget-container\">\n\t\t\t\t\t\t\t\t\t<p>In this sense, Endodontics, also known as root canal treatment, is the dental procedure that makes it possible to remove the affected tissues from the inside of a tooth. Thanks to this treatment, the damaged dental pulp is removed and the cavity is then filled and sealed with various materials. In this way, the original tooth can be preserved, as well as the bone and gum surrounding it. And, most importantly, the functionality of the mouth is restored without unnecessary extractions or placement of implants.<\/p><p>In our dental clinic in Orihuela Costa we are experts in endodontic procedures and we have the best endodontists. Above all, we are committed to your oral health, helping you, whenever possible, to preserve your teeth. If you feel any kind of discomfort in any of your teeth, do not hesitate to contact us.<\/p><p><strong>When is a root canal needed?<\/strong><\/p><p>Endodontics in Orihuela Costa is carried out when the pulp of a tooth has been irreversibly damaged. This can happen for various reasons, such as the presence of deep caries, trauma, due to a blow or a fall, or endoperiodontal lesions. In any of these cases, early detection and diagnosis is essential to ensure that treatment is as minimally invasive as possible.<\/p>\t\t\t\t\t\t\t\t<\/div>\n\t\t\t\t<\/div>\n\t\t\t\t\t<\/div>\n\t\t<\/div>\n\t\t\t\t\t<\/div>\n\t\t<\/section>\n\t\t\t\t<section class=\"elementor-section elementor-top-section elementor-element elementor-element-1ecdb00 elementor-section-boxed elementor-section-height-default elementor-section-height-default\" data-id=\"1ecdb00\" data-element_type=\"section\" data-e-type=\"section\" data-settings=\"{&quot;jet_parallax_layout_list&quot;:[]}\">\n\t\t\t\t\t\t<div class=\"elementor-container elementor-column-gap-default\">\n\t\t\t\t\t<div class=\"aux-parallax-section elementor-column elementor-col-100 elementor-top-column elementor-element elementor-element-0117706\" data-id=\"0117706\" data-element_type=\"column\" data-e-type=\"column\">\n\t\t\t<div class=\"elementor-widget-wrap elementor-element-populated\">\n\t\t\t\t\t\t<div class=\"elementor-element elementor-element-dd76df5 elementor-widget elementor-widget-text-editor\" data-id=\"dd76df5\" data-element_type=\"widget\" data-e-type=\"widget\" data-widget_type=\"text-editor.default\">\n\t\t\t\t<div class=\"elementor-widget-container\">\n\t\t\t\t\t\t\t\t\t<p>In this sense, it is important to take into account a whole series of indications that may warn us of the existence of a pathology in the oral cavity:<\/p><p><strong><span style=\"color: #5781ab;\">\u2022 ONE OR MORE CAVITIES VISIBLE TO THE NAKED EYE.<\/span><\/strong><br \/><strong><span style=\"color: #5781ab;\">\u2022 A CERTAIN SENSITIVITY OR HYPERSENSITIVITY TO COLD, HEAT, ACIDIC<\/span><\/strong><br \/><strong><span style=\"color: #5781ab;\">\u2022 FOODS OR EVEN ANY TYPE OF CHEWING<\/span><\/strong><br \/><strong><span style=\"color: #5781ab;\">\u2022 ACUTE OR CONSTANT PAIN IN ONE OF THE TEETH<\/span><\/strong><br \/><strong><span style=\"color: #5781ab;\">\u2022 DARKENING OF SOME OF THE TEETH.<\/span><\/strong><\/p><p><strong>What are the advantages of this treatment?<\/strong><\/p><p>The cleaning of the root canals to eliminate the accumulation of bacteria manages to avoid the loss of the original dentition, whenever it is viable. Thus, endodontic treatments have a whole series of advantages and benefits for the oral and general health of the patient:<\/p><ul><li><strong><span style=\"color: #5781ab;\">They allow pain to be eradicated.<\/span><\/strong><\/li><li><strong><span style=\"color: #5781ab;\">They prevent the development of more serious oral complications, which can even lead to the loss of teeth.<\/span><\/strong><\/li><li><strong><span style=\"color: #5781ab;\">They mean the recovery of chewing functionality, phonetics and aesthetics of the mouth, without having to resort to treatments using dental implants or prostheses.<\/span><\/strong><\/li><\/ul><p>In our dental clinic in Orihuela Costa, our professionals in endodontics will carry out an evaluation of the state of the oral cavity by means of a review and the pertinent X-rays and complementary tests. Thus, a restoration of the affected pieces and a total rehabilitation of the mouth can be carried out.<br \/>Our dentists in Orihuela Costa also remind us that to prevent the development of cavities it is essential to maintain good daily oral hygiene and to visit the dental surgery regularly. If you have any questions or think you might need a root canal, just contact us.<\/p>\t\t\t\t\t\t\t\t<\/div>\n\t\t\t\t<\/div>\n\t\t\t\t\t<\/div>\n\t\t<\/div>\n\t\t\t\t\t<\/div>\n\t\t<\/section>\n\t\t\t\t<\/div>","protected":false},"excerpt":{"rendered":"<p>Endodoncia Endodoncia La endodoncia es el tratamiento conservador que tiene como objetivo salvar un diente, cuando \u00e9ste est\u00e1 muerto, enfermo o da\u00f1ado. \u00a1Podemos salvar tus piezas dentales! Los procedimientos de la Odontolog\u00eda Conservadora ayudan a mantener los dientes naturales en unas condiciones adecuadas, adem\u00e1s de evitar y prevenir la aparici\u00f3n y el desarrollo de enfermedades [&hellip;]<\/p>\n","protected":false},"author":1,"featured_media":0,"parent":0,"menu_order":0,"comment_status":"closed","ping_status":"closed","template":"templates\/page-builder-content.php","meta":{"rs_blank_template":"","rs_page_bg_color":"","slide_template_v7":"","footnotes":""},"class_list":["post-881","page","type-page","status-publish","hentry"],"_links":{"self":[{"href":"https:\/\/www.creatingsmiles.info\/en\/wp-json\/wp\/v2\/pages\/881","targetHints":{"allow":["GET"]}}],"collection":[{"href":"https:\/\/www.creatingsmiles.info\/en\/wp-json\/wp\/v2\/pages"}],"about":[{"href":"https:\/\/www.creatingsmiles.info\/en\/wp-json\/wp\/v2\/types\/page"}],"author":[{"embeddable":true,"href":"https:\/\/www.creatingsmiles.info\/en\/wp-json\/wp\/v2\/users\/1"}],"replies":[{"embeddable":true,"href":"https:\/\/www.creatingsmiles.info\/en\/wp-json\/wp\/v2\/comments?post=881"}],"version-history":[{"count":28,"href":"https:\/\/www.creatingsmiles.info\/en\/wp-json\/wp\/v2\/pages\/881\/revisions"}],"predecessor-version":[{"id":914,"href":"https:\/\/www.creatingsmiles.info\/en\/wp-json\/wp\/v2\/pages\/881\/revisions\/914"}],"wp:attachment":[{"href":"https:\/\/www.creatingsmiles.info\/en\/wp-json\/wp\/v2\/media?parent=881"}],"curies":[{"name":"wp","href":"https:\/\/api.w.org\/{rel}","templated":true}]}}