{"id":915,"date":"2024-03-20T11:39:27","date_gmt":"2024-03-20T10:39:27","guid":{"rendered":"https:\/\/www.creatingsmiles.info\/?page_id=915"},"modified":"2024-03-20T12:11:50","modified_gmt":"2024-03-20T11:11:50","slug":"prosthodontics","status":"publish","type":"page","link":"https:\/\/www.creatingsmiles.info\/en\/prosthodontics\/","title":{"rendered":"Prosthodontics"},"content":{"rendered":"<div data-elementor-type=\"wp-page\" data-elementor-id=\"915\" class=\"elementor elementor-915\" data-elementor-post-type=\"page\">\n\t\t\t\t\t\t<section class=\"elementor-section elementor-top-section elementor-element elementor-element-7c89838d elementor-section-stretched elementor-section-height-min-height elementor-section-boxed elementor-section-height-default elementor-section-items-middle\" data-id=\"7c89838d\" data-element_type=\"section\" data-e-type=\"section\" data-settings=\"{&quot;stretch_section&quot;:&quot;section-stretched&quot;,&quot;background_background&quot;:&quot;classic&quot;,&quot;jet_parallax_layout_list&quot;:[]}\">\n\t\t\t\t\t\t<div class=\"elementor-container elementor-column-gap-default\">\n\t\t\t\t\t<div class=\"aux-parallax-section elementor-column elementor-col-100 elementor-top-column elementor-element elementor-element-51ad86fa aux-appear-watch-animation aux-fade-in-right\" data-id=\"51ad86fa\" data-element_type=\"column\" data-e-type=\"column\">\n\t\t\t<div class=\"elementor-widget-wrap elementor-element-populated\">\n\t\t\t\t\t\t<div class=\"elementor-element elementor-element-65ae90d0 elementor-widget__width-initial elementor-widget elementor-widget-aux_modern_heading\" data-id=\"65ae90d0\" data-element_type=\"widget\" data-e-type=\"widget\" data-widget_type=\"aux_modern_heading.default\">\n\t\t\t\t<div class=\"elementor-widget-container\">\n\t\t\t\t\t<section class=\"aux-widget-modern-heading\">\n            <div class=\"aux-widget-inner\"><h2 class=\"aux-modern-heading-primary\">Prosthodontics<\/h2><\/div>\n        <\/section>\t\t\t\t<\/div>\n\t\t\t\t<\/div>\n\t\t\t\t\t<\/div>\n\t\t<\/div>\n\t\t\t\t\t<\/div>\n\t\t<\/section>\n\t\t\t\t<section class=\"elementor-section elementor-top-section elementor-element elementor-element-1b9453a elementor-section-content-middle elementor-section-boxed elementor-section-height-default elementor-section-height-default\" data-id=\"1b9453a\" data-element_type=\"section\" data-e-type=\"section\" data-settings=\"{&quot;background_background&quot;:&quot;classic&quot;,&quot;jet_parallax_layout_list&quot;:[]}\">\n\t\t\t\t\t\t<div class=\"elementor-container elementor-column-gap-default\">\n\t\t\t\t\t<div class=\"aux-parallax-section elementor-column elementor-col-50 elementor-top-column elementor-element elementor-element-46800144 aux-appear-watch-animation aux-fade-in-left\" data-id=\"46800144\" data-element_type=\"column\" data-e-type=\"column\">\n\t\t\t<div class=\"elementor-widget-wrap elementor-element-populated\">\n\t\t\t\t\t\t<div class=\"elementor-element elementor-element-6b0f0e96 elementor-widget elementor-widget-aux_image\" data-id=\"6b0f0e96\" data-element_type=\"widget\" data-e-type=\"widget\" data-widget_type=\"aux_image.default\">\n\t\t\t\t<div class=\"elementor-widget-container\">\n\t\t\t\t\t<section class=\"widget-container aux-widget-image aux-alignnone aux-parent-au1dc604e0\">\n    <div class=\"aux-media-hint-frame\">\n        <div class=\"aux-media-image\" >\n        \n            \n\n            \n            <img fetchpriority=\"high\" decoding=\"async\" width=\"1037\" height=\"950\" src=\"data:image\/gif;base64,R0lGODlhAQABAIAAAAAAAP\/\/\/yH5BAEAAAAALAAAAAABAAEAAAIBRAA7\" class=\"aux-attachment aux-featured-image aux-attachment-id-920 aux-preload aux-blank\" data-ratio=\"1.09\" data-original-w=\"2048\" sizes=\"auto\" data-srcset=\"https:\/\/www.creatingsmiles.info\/wp-content\/uploads\/2024\/03\/DSC8059-scaled-150x137.jpg 150w,https:\/\/www.creatingsmiles.info\/wp-content\/uploads\/2024\/03\/DSC8059-scaled-300x275.jpg 300w,https:\/\/www.creatingsmiles.info\/wp-content\/uploads\/2024\/03\/DSC8059-scaled-768x704.jpg 768w,https:\/\/www.creatingsmiles.info\/wp-content\/uploads\/2024\/03\/DSC8059-scaled-1024x938.jpg 1024w,https:\/\/www.creatingsmiles.info\/wp-content\/uploads\/2024\/03\/DSC8059-scaled-1037x950.jpg 1037w\" data-src=\"https:\/\/www.creatingsmiles.info\/wp-content\/uploads\/2024\/03\/DSC8059-scaled-1037x950.jpg\" \/>            \n                <\/div>\n    <\/div>\n\n<\/section><!-- widget-container -->\t\t\t\t<\/div>\n\t\t\t\t<\/div>\n\t\t\t\t\t<\/div>\n\t\t<\/div>\n\t\t\t\t<div class=\"aux-parallax-section elementor-column elementor-col-50 elementor-top-column elementor-element elementor-element-30d8bdbd\" data-id=\"30d8bdbd\" data-element_type=\"column\" data-e-type=\"column\">\n\t\t\t<div class=\"elementor-widget-wrap elementor-element-populated\">\n\t\t\t\t\t\t<div class=\"elementor-element elementor-element-46fc4ae1 aux-appear-watch-animation aux-fade-in elementor-widget-tablet__width-initial elementor-widget elementor-widget-aux_modern_heading\" data-id=\"46fc4ae1\" data-element_type=\"widget\" data-e-type=\"widget\" data-widget_type=\"aux_modern_heading.default\">\n\t\t\t\t<div class=\"elementor-widget-container\">\n\t\t\t\t\t<section class=\"aux-widget-modern-heading\">\n            <div class=\"aux-widget-inner\"><h2 class=\"aux-modern-heading-primary\"><\/h2><h3 class=\"aux-modern-heading-secondary\"><span class=\"aux-head-before\">Prosthodontics<\/span><\/h3><div class=\"aux-modern-heading-divider\"><\/div><div class=\"aux-modern-heading-description\"><p>The loss of teeth causes different types of alterations that get worse the greater the number of pieces lost and the time it takes to replace them. The most important of these disorders are:<\/p><\/div><\/div>\n        <\/section>\t\t\t\t<\/div>\n\t\t\t\t<\/div>\n\t\t\t\t\t<\/div>\n\t\t<\/div>\n\t\t\t\t\t<\/div>\n\t\t<\/section>\n\t\t\t\t<section class=\"elementor-section elementor-top-section elementor-element elementor-element-eacdef4 elementor-section-boxed elementor-section-height-default elementor-section-height-default\" data-id=\"eacdef4\" data-element_type=\"section\" data-e-type=\"section\" data-settings=\"{&quot;jet_parallax_layout_list&quot;:[]}\">\n\t\t\t\t\t\t<div class=\"elementor-container elementor-column-gap-default\">\n\t\t\t\t\t<div class=\"aux-parallax-section elementor-column elementor-col-16 elementor-top-column elementor-element elementor-element-428c9a6\" data-id=\"428c9a6\" data-element_type=\"column\" data-e-type=\"column\">\n\t\t\t<div class=\"elementor-widget-wrap\">\n\t\t\t\t\t\t\t<\/div>\n\t\t<\/div>\n\t\t\t\t<div class=\"aux-parallax-section elementor-column elementor-col-66 elementor-top-column elementor-element elementor-element-acbd657\" data-id=\"acbd657\" data-element_type=\"column\" data-e-type=\"column\">\n\t\t\t<div class=\"elementor-widget-wrap elementor-element-populated\">\n\t\t\t\t\t\t<div class=\"elementor-element elementor-element-34e5ad1 elementor-widget elementor-widget-text-editor\" data-id=\"34e5ad1\" data-element_type=\"widget\" data-e-type=\"widget\" data-widget_type=\"text-editor.default\">\n\t\t\t\t<div class=\"elementor-widget-container\">\n\t\t\t\t\t\t\t\t\t<p><strong>Digestive disorders, disorders of the temporomandibular joint (TMJ), difficulties in pronouncing certain sounds, and aesthetic disorders. The replacement of these pieces is due to the fitting of a prosthesis. In addition, implants are used that fulfil the function of the natural root of the teeth, which help to place the prosthesis.<\/strong><\/p><p><strong>A complete dentition is restored.<\/strong><\/p><p>Losing a tooth causes you damage that you do not deserve. It is time to complete that teething, and recover your smile and the functionality of your mouth.<\/p>\t\t\t\t\t\t\t\t<\/div>\n\t\t\t\t<\/div>\n\t\t\t\t\t<\/div>\n\t\t<\/div>\n\t\t\t\t<div class=\"aux-parallax-section elementor-column elementor-col-16 elementor-top-column elementor-element elementor-element-3943216\" data-id=\"3943216\" data-element_type=\"column\" data-e-type=\"column\">\n\t\t\t<div class=\"elementor-widget-wrap\">\n\t\t\t\t\t\t\t<\/div>\n\t\t<\/div>\n\t\t\t\t\t<\/div>\n\t\t<\/section>\n\t\t\t\t<section class=\"elementor-section elementor-top-section elementor-element elementor-element-7d78a40 elementor-section-boxed elementor-section-height-default elementor-section-height-default\" data-id=\"7d78a40\" data-element_type=\"section\" data-e-type=\"section\" data-settings=\"{&quot;jet_parallax_layout_list&quot;:[]}\">\n\t\t\t\t\t\t<div class=\"elementor-container elementor-column-gap-default\">\n\t\t\t\t\t<div class=\"aux-parallax-section elementor-column elementor-col-33 elementor-top-column elementor-element elementor-element-363117d\" data-id=\"363117d\" data-element_type=\"column\" data-e-type=\"column\">\n\t\t\t<div class=\"elementor-widget-wrap elementor-element-populated\">\n\t\t\t\t\t\t<div class=\"elementor-element elementor-element-1393d02 elementor-widget elementor-widget-image\" data-id=\"1393d02\" data-element_type=\"widget\" data-e-type=\"widget\" data-widget_type=\"image.default\">\n\t\t\t\t<div class=\"elementor-widget-container\">\n\t\t\t\t\t\t\t\t\t\t\t\t\t\t\t<img decoding=\"async\" width=\"600\" height=\"450\" src=\"https:\/\/www.creatingsmiles.info\/wp-content\/uploads\/2024\/03\/IMPLANTES.jpg\" class=\"attachment-large size-large wp-image-924\" alt=\"\" srcset=\"https:\/\/www.creatingsmiles.info\/wp-content\/uploads\/2024\/03\/IMPLANTES.jpg 600w, https:\/\/www.creatingsmiles.info\/wp-content\/uploads\/2024\/03\/IMPLANTES-16x12.jpg 16w, https:\/\/www.creatingsmiles.info\/wp-content\/uploads\/2024\/03\/IMPLANTES-200x150.jpg 200w\" sizes=\"(max-width: 600px) 100vw, 600px\" \/>\t\t\t\t\t\t\t\t\t\t\t\t\t\t\t<\/div>\n\t\t\t\t<\/div>\n\t\t\t\t\t<\/div>\n\t\t<\/div>\n\t\t\t\t<div class=\"aux-parallax-section elementor-column elementor-col-66 elementor-top-column elementor-element elementor-element-a376823\" data-id=\"a376823\" data-element_type=\"column\" data-e-type=\"column\">\n\t\t\t<div class=\"elementor-widget-wrap elementor-element-populated\">\n\t\t\t\t\t\t<div class=\"elementor-element elementor-element-911f646 elementor-widget elementor-widget-text-editor\" data-id=\"911f646\" data-element_type=\"widget\" data-e-type=\"widget\" data-widget_type=\"text-editor.default\">\n\t\t\t\t<div class=\"elementor-widget-container\">\n\t\t\t\t\t\t\t\t\t<p><strong>What is a dental implant and how will it improve your life?<\/strong><\/p><p>The human dentition functions as a whole, and when one piece is missing, the whole structure suffers. The pressure when biting is distributed unevenly and leads to the deterioration of the other teeth. Not to mention the unsightly effect of showing a gap in the teeth.<\/p><p>The dental implant is the technique that your dentist in Orihuela Costa applies to solve these problems in the most effective and lasting way possible.<\/p><p>It consists of implanting a small titanium screw into the bone of the missing tooth. A ceramic crown is then screwed onto this implant which perfectly imitates the shape and colour of the other teeth\u2026 and you have already recovered that smile you thought you had lost.<\/p>\t\t\t\t\t\t\t\t<\/div>\n\t\t\t\t<\/div>\n\t\t\t\t\t<\/div>\n\t\t<\/div>\n\t\t\t\t\t<\/div>\n\t\t<\/section>\n\t\t\t\t<section class=\"elementor-section elementor-top-section elementor-element elementor-element-4148977 elementor-section-boxed elementor-section-height-default elementor-section-height-default\" data-id=\"4148977\" data-element_type=\"section\" data-e-type=\"section\" data-settings=\"{&quot;jet_parallax_layout_list&quot;:[]}\">\n\t\t\t\t\t\t<div class=\"elementor-container elementor-column-gap-default\">\n\t\t\t\t\t<div class=\"aux-parallax-section elementor-column elementor-col-25 elementor-top-column elementor-element elementor-element-41d1118\" data-id=\"41d1118\" data-element_type=\"column\" data-e-type=\"column\">\n\t\t\t<div class=\"elementor-widget-wrap elementor-element-populated\">\n\t\t\t\t\t\t<div class=\"elementor-element elementor-element-5be58d9 elementor-widget elementor-widget-premium-addon-banner\" data-id=\"5be58d9\" data-element_type=\"widget\" data-e-type=\"widget\" data-widget_type=\"premium-addon-banner.default\">\n\t\t\t\t<div class=\"elementor-widget-container\">\n\t\t\t\t\t\t\t<div class=\"premium-banner-ib premium-banner-min-height premium-banner-animation13 none premium-banner__effect-type2\">\n\t\t\t\t\t\t\t\t\t\t<img decoding=\"async\" width=\"768\" height=\"768\" src=\"https:\/\/www.creatingsmiles.info\/wp-content\/uploads\/2024\/03\/iStock-881838376-768x768.jpg\" class=\"attachment-medium_large size-medium_large wp-image-949\" alt=\"\" srcset=\"https:\/\/www.creatingsmiles.info\/wp-content\/uploads\/2024\/03\/iStock-881838376-768x768.jpg 768w, https:\/\/www.creatingsmiles.info\/wp-content\/uploads\/2024\/03\/iStock-881838376-300x300.jpg 300w, https:\/\/www.creatingsmiles.info\/wp-content\/uploads\/2024\/03\/iStock-881838376-150x150.jpg 150w\" \/>\t\t\t\t\t\t\t\t\t<div class=\"premium-banner-ib-desc\">\n\t\t\t\t\n\t\t\t\t\t\t\t\t\t<h3 class=\"premium-banner-ib-title premium_banner_title\">\n\t\t\t\t\t\t1\u00ba WE STUDY\t\t\t\t\t<\/h3>\n\t\t\t\t\n\t\t\t\t\t\t\t\t\t<div class=\"premium-banner-ib-content premium_banner_content\">\n\t\t\t\t\t\t<p>The previous study determines what type of implant you need and what the final result will look like.<\/p>\t\t\t\t\t<\/div>\n\t\t\t\t\n\t\t\t\t\n\t\t\t\t\t\t\t<\/div>\n\t\t\t\t\t<\/div>\n\n\t\t\t\t\t\t<\/div>\n\t\t\t\t<\/div>\n\t\t\t\t\t<\/div>\n\t\t<\/div>\n\t\t\t\t<div class=\"aux-parallax-section elementor-column elementor-col-25 elementor-top-column elementor-element elementor-element-43b006d\" data-id=\"43b006d\" data-element_type=\"column\" data-e-type=\"column\">\n\t\t\t<div class=\"elementor-widget-wrap elementor-element-populated\">\n\t\t\t\t\t\t<div class=\"elementor-element elementor-element-422420b elementor-widget elementor-widget-premium-addon-banner\" data-id=\"422420b\" data-element_type=\"widget\" data-e-type=\"widget\" data-widget_type=\"premium-addon-banner.default\">\n\t\t\t\t<div class=\"elementor-widget-container\">\n\t\t\t\t\t\t\t<div class=\"premium-banner-ib premium-banner-min-height premium-banner-animation13 none premium-banner__effect-type2\">\n\t\t\t\t\t\t\t\t\t\t<img loading=\"lazy\" decoding=\"async\" width=\"768\" height=\"768\" src=\"https:\/\/www.creatingsmiles.info\/wp-content\/uploads\/2024\/03\/iStock-898998140-768x768.jpg\" class=\"attachment-medium_large size-medium_large wp-image-950\" alt=\"\" srcset=\"https:\/\/www.creatingsmiles.info\/wp-content\/uploads\/2024\/03\/iStock-898998140-768x768.jpg 768w, https:\/\/www.creatingsmiles.info\/wp-content\/uploads\/2024\/03\/iStock-898998140-300x300.jpg 300w, https:\/\/www.creatingsmiles.info\/wp-content\/uploads\/2024\/03\/iStock-898998140-150x150.jpg 150w\" \/>\t\t\t\t\t\t\t\t\t<div class=\"premium-banner-ib-desc\">\n\t\t\t\t\n\t\t\t\t\t\t\t\t\t<h3 class=\"premium-banner-ib-title premium_banner_title\">\n\t\t\t\t\t\t2\u00ba IMPLEMENTATION\t\t\t\t\t<\/h3>\n\t\t\t\t\n\t\t\t\t\t\t\t\t\t<div class=\"premium-banner-ib-content premium_banner_content\">\n\t\t\t\t\t\t<p>In one or more sessions (depending on the number of implants) and under local anaesthetic so that you do not feel any pain, we place the titanium screws, which will need a few months to integrate completely into the bone.<\/p>\t\t\t\t\t<\/div>\n\t\t\t\t\n\t\t\t\t\n\t\t\t\t\t\t\t<\/div>\n\t\t\t\t\t<\/div>\n\n\t\t\t\t\t\t<\/div>\n\t\t\t\t<\/div>\n\t\t\t\t\t<\/div>\n\t\t<\/div>\n\t\t\t\t<div class=\"aux-parallax-section elementor-column elementor-col-25 elementor-top-column elementor-element elementor-element-b894f04\" data-id=\"b894f04\" data-element_type=\"column\" data-e-type=\"column\">\n\t\t\t<div class=\"elementor-widget-wrap elementor-element-populated\">\n\t\t\t\t\t\t<div class=\"elementor-element elementor-element-7ea2749 elementor-widget elementor-widget-premium-addon-banner\" data-id=\"7ea2749\" data-element_type=\"widget\" data-e-type=\"widget\" data-widget_type=\"premium-addon-banner.default\">\n\t\t\t\t<div class=\"elementor-widget-container\">\n\t\t\t\t\t\t\t<div class=\"premium-banner-ib premium-banner-min-height premium-banner-animation13 none premium-banner__effect-type2\">\n\t\t\t\t\t\t\t\t\t\t<img loading=\"lazy\" decoding=\"async\" width=\"768\" height=\"768\" src=\"https:\/\/www.creatingsmiles.info\/wp-content\/uploads\/2024\/03\/iStock-902647624-768x768.jpg\" class=\"attachment-medium_large size-medium_large wp-image-951\" alt=\"\" srcset=\"https:\/\/www.creatingsmiles.info\/wp-content\/uploads\/2024\/03\/iStock-902647624-768x768.jpg 768w, https:\/\/www.creatingsmiles.info\/wp-content\/uploads\/2024\/03\/iStock-902647624-300x300.jpg 300w, https:\/\/www.creatingsmiles.info\/wp-content\/uploads\/2024\/03\/iStock-902647624-150x150.jpg 150w\" \/>\t\t\t\t\t\t\t\t\t<div class=\"premium-banner-ib-desc\">\n\t\t\t\t\n\t\t\t\t\t\t\t\t\t<h3 class=\"premium-banner-ib-title premium_banner_title\">\n\t\t\t\t\t\t3\u00ba WE COVER\t\t\t\t\t<\/h3>\n\t\t\t\t\n\t\t\t\t\t\t\t\t\t<div class=\"premium-banner-ib-content premium_banner_content\">\n\t\t\t\t\t\t<p class=\"elementor-image-box-description\" style=\"text-align: center;\" align=\"center\">While the definitive ceramic tooth arrives, we place a prosthesis or a temporary resin crown (in the case of immediately loaded implants) so that you do not have to wait with that unsightly gap.<\/p>\t\t\t\t\t<\/div>\n\t\t\t\t\n\t\t\t\t\n\t\t\t\t\t\t\t<\/div>\n\t\t\t\t\t<\/div>\n\n\t\t\t\t\t\t<\/div>\n\t\t\t\t<\/div>\n\t\t\t\t\t<\/div>\n\t\t<\/div>\n\t\t\t\t<div class=\"aux-parallax-section elementor-column elementor-col-25 elementor-top-column elementor-element elementor-element-3c55976\" data-id=\"3c55976\" data-element_type=\"column\" data-e-type=\"column\">\n\t\t\t<div class=\"elementor-widget-wrap elementor-element-populated\">\n\t\t\t\t\t\t<div class=\"elementor-element elementor-element-3890be2 elementor-widget elementor-widget-premium-addon-banner\" data-id=\"3890be2\" data-element_type=\"widget\" data-e-type=\"widget\" data-widget_type=\"premium-addon-banner.default\">\n\t\t\t\t<div class=\"elementor-widget-container\">\n\t\t\t\t\t\t\t<div class=\"premium-banner-ib premium-banner-min-height premium-banner-animation13 none premium-banner__effect-type2\">\n\t\t\t\t\t\t\t\t\t\t<img loading=\"lazy\" decoding=\"async\" width=\"768\" height=\"768\" src=\"https:\/\/www.creatingsmiles.info\/wp-content\/uploads\/2024\/03\/iStock-925898340-768x768.jpg\" class=\"attachment-medium_large size-medium_large wp-image-952\" alt=\"\" srcset=\"https:\/\/www.creatingsmiles.info\/wp-content\/uploads\/2024\/03\/iStock-925898340-768x768.jpg 768w, https:\/\/www.creatingsmiles.info\/wp-content\/uploads\/2024\/03\/iStock-925898340-300x300.jpg 300w, https:\/\/www.creatingsmiles.info\/wp-content\/uploads\/2024\/03\/iStock-925898340-150x150.jpg 150w\" \/>\t\t\t\t\t\t\t\t\t<div class=\"premium-banner-ib-desc\">\n\t\t\t\t\n\t\t\t\t\t\t\t\t\t<h3 class=\"premium-banner-ib-title premium_banner_title\">\n\t\t\t\t\t\t4\u00ba WE COMPLETE\t\t\t\t\t<\/h3>\n\t\t\t\t\n\t\t\t\t\t\t\t\t\t<div class=\"premium-banner-ib-content premium_banner_content\">\n\t\t\t\t\t\t<p class=\"elementor-image-box-description\" style=\"text-align: center;\" align=\"center\">After the correct osseointegration of the implant, we remove the temporary prosthesis and screw in the definitive tooth.<\/p>\t\t\t\t\t<\/div>\n\t\t\t\t\n\t\t\t\t\n\t\t\t\t\t\t\t<\/div>\n\t\t\t\t\t<\/div>\n\n\t\t\t\t\t\t<\/div>\n\t\t\t\t<\/div>\n\t\t\t\t\t<\/div>\n\t\t<\/div>\n\t\t\t\t\t<\/div>\n\t\t<\/section>\n\t\t\t\t<section class=\"elementor-section elementor-top-section elementor-element elementor-element-fa1e702 elementor-section-boxed elementor-section-height-default elementor-section-height-default\" data-id=\"fa1e702\" data-element_type=\"section\" data-e-type=\"section\" data-settings=\"{&quot;jet_parallax_layout_list&quot;:[]}\">\n\t\t\t\t\t\t<div class=\"elementor-container elementor-column-gap-default\">\n\t\t\t\t\t<div class=\"aux-parallax-section elementor-column elementor-col-16 elementor-top-column elementor-element elementor-element-0c8d9cf\" data-id=\"0c8d9cf\" data-element_type=\"column\" data-e-type=\"column\">\n\t\t\t<div class=\"elementor-widget-wrap\">\n\t\t\t\t\t\t\t<\/div>\n\t\t<\/div>\n\t\t\t\t<div class=\"aux-parallax-section elementor-column elementor-col-66 elementor-top-column elementor-element elementor-element-22dfc93\" data-id=\"22dfc93\" data-element_type=\"column\" data-e-type=\"column\">\n\t\t\t<div class=\"elementor-widget-wrap elementor-element-populated\">\n\t\t\t\t\t\t<div class=\"elementor-element elementor-element-f8d39a1 elementor-widget elementor-widget-text-editor\" data-id=\"f8d39a1\" data-element_type=\"widget\" data-e-type=\"widget\" data-widget_type=\"text-editor.default\">\n\t\t\t\t<div class=\"elementor-widget-container\">\n\t\t\t\t\t\t\t\t\t<p><strong>Recover the strength of your bite, chew correctly and without fear of the piece moving, and dazzle everyone again with your full smile.<\/strong><\/p>\t\t\t\t\t\t\t\t<\/div>\n\t\t\t\t<\/div>\n\t\t\t\t\t<\/div>\n\t\t<\/div>\n\t\t\t\t<div class=\"aux-parallax-section elementor-column elementor-col-16 elementor-top-column elementor-element elementor-element-7006f73\" data-id=\"7006f73\" data-element_type=\"column\" data-e-type=\"column\">\n\t\t\t<div class=\"elementor-widget-wrap\">\n\t\t\t\t\t\t\t<\/div>\n\t\t<\/div>\n\t\t\t\t\t<\/div>\n\t\t<\/section>\n\t\t\t\t<\/div>","protected":false},"excerpt":{"rendered":"<p>Prostodoncia Prostodoncia La p\u00e9rdida de piezas dentales provoca diferentes tipos de alteraciones que van empeorando cuanto mayor es el n\u00famero de piezas perdidas y el tiempo que se tarde en reponerlas. De estas alteraciones las m\u00e1s importantes son: alteraciones digestivas, alteraciones de la articulaci\u00f3n tempomandibular (ATM), dificultades en la pronunciaci\u00f3n de ciertos sonidos, alteraciones est\u00e9ticas. [&hellip;]<\/p>\n","protected":false},"author":1,"featured_media":0,"parent":0,"menu_order":0,"comment_status":"closed","ping_status":"closed","template":"templates\/page-builder-content.php","meta":{"rs_blank_template":"","rs_page_bg_color":"","slide_template_v7":"","footnotes":""},"class_list":["post-915","page","type-page","status-publish","hentry"],"_links":{"self":[{"href":"https:\/\/www.creatingsmiles.info\/en\/wp-json\/wp\/v2\/pages\/915","targetHints":{"allow":["GET"]}}],"collection":[{"href":"https:\/\/www.creatingsmiles.info\/en\/wp-json\/wp\/v2\/pages"}],"about":[{"href":"https:\/\/www.creatingsmiles.info\/en\/wp-json\/wp\/v2\/types\/page"}],"author":[{"embeddable":true,"href":"https:\/\/www.creatingsmiles.info\/en\/wp-json\/wp\/v2\/users\/1"}],"replies":[{"embeddable":true,"href":"https:\/\/www.creatingsmiles.info\/en\/wp-json\/wp\/v2\/comments?post=915"}],"version-history":[{"count":52,"href":"https:\/\/www.creatingsmiles.info\/en\/wp-json\/wp\/v2\/pages\/915\/revisions"}],"predecessor-version":[{"id":976,"href":"https:\/\/www.creatingsmiles.info\/en\/wp-json\/wp\/v2\/pages\/915\/revisions\/976"}],"wp:attachment":[{"href":"https:\/\/www.creatingsmiles.info\/en\/wp-json\/wp\/v2\/media?parent=915"}],"curies":[{"name":"wp","href":"https:\/\/api.w.org\/{rel}","templated":true}]}}