{"id":723,"date":"2024-03-19T14:54:33","date_gmt":"2024-03-19T13:54:33","guid":{"rendered":"https:\/\/www.creatingsmiles.info\/?page_id=723"},"modified":"2024-03-19T20:57:09","modified_gmt":"2024-03-19T19:57:09","slug":"restorative","status":"publish","type":"page","link":"https:\/\/www.creatingsmiles.info\/es\/restorative\/","title":{"rendered":"Restorative"},"content":{"rendered":"\t\t<div data-elementor-type=\"wp-page\" data-elementor-id=\"723\" class=\"elementor elementor-723\" data-elementor-post-type=\"page\">\n\t\t\t\t\t\t<section class=\"elementor-section elementor-top-section elementor-element elementor-element-7c89838d elementor-section-stretched elementor-section-height-min-height elementor-section-boxed elementor-section-height-default elementor-section-items-middle\" data-id=\"7c89838d\" data-element_type=\"section\" data-e-type=\"section\" data-settings=\"{&quot;stretch_section&quot;:&quot;section-stretched&quot;,&quot;background_background&quot;:&quot;classic&quot;,&quot;jet_parallax_layout_list&quot;:[]}\">\n\t\t\t\t\t\t<div class=\"elementor-container elementor-column-gap-default\">\n\t\t\t\t\t<div class=\"aux-parallax-section elementor-column elementor-col-100 elementor-top-column elementor-element elementor-element-51ad86fa aux-appear-watch-animation aux-fade-in-right\" data-id=\"51ad86fa\" data-element_type=\"column\" data-e-type=\"column\">\n\t\t\t<div class=\"elementor-widget-wrap elementor-element-populated\">\n\t\t\t\t\t\t<div class=\"elementor-element elementor-element-65ae90d0 elementor-widget__width-initial elementor-widget elementor-widget-aux_modern_heading\" data-id=\"65ae90d0\" data-element_type=\"widget\" data-e-type=\"widget\" data-widget_type=\"aux_modern_heading.default\">\n\t\t\t\t<div class=\"elementor-widget-container\">\n\t\t\t\t\t<section class=\"aux-widget-modern-heading\">\n            <div class=\"aux-widget-inner\"><h2 class=\"aux-modern-heading-primary\">Restauradora<\/h2><\/div>\n        <\/section>\t\t\t\t<\/div>\n\t\t\t\t<\/div>\n\t\t\t\t\t<\/div>\n\t\t<\/div>\n\t\t\t\t\t<\/div>\n\t\t<\/section>\n\t\t\t\t<section class=\"elementor-section elementor-top-section elementor-element elementor-element-1b9453a elementor-section-content-middle elementor-section-boxed elementor-section-height-default elementor-section-height-default\" data-id=\"1b9453a\" data-element_type=\"section\" data-e-type=\"section\" data-settings=\"{&quot;background_background&quot;:&quot;classic&quot;,&quot;jet_parallax_layout_list&quot;:[]}\">\n\t\t\t\t\t\t<div class=\"elementor-container elementor-column-gap-default\">\n\t\t\t\t\t<div class=\"aux-parallax-section elementor-column elementor-col-50 elementor-top-column elementor-element elementor-element-46800144 aux-appear-watch-animation aux-fade-in-left\" data-id=\"46800144\" data-element_type=\"column\" data-e-type=\"column\">\n\t\t\t<div class=\"elementor-widget-wrap elementor-element-populated\">\n\t\t\t\t\t\t<div class=\"elementor-element elementor-element-6b0f0e96 elementor-widget elementor-widget-aux_image\" data-id=\"6b0f0e96\" data-element_type=\"widget\" data-e-type=\"widget\" data-widget_type=\"aux_image.default\">\n\t\t\t\t<div class=\"elementor-widget-container\">\n\t\t\t\t\t<section class=\"widget-container aux-widget-image aux-alignnone aux-parent-aub43d26e3\">\n    <div class=\"aux-media-hint-frame \">\n        <div class=\"aux-media-image \" >\n        \n            \n\n            \n            <img fetchpriority=\"high\" decoding=\"async\" width=\"1037\" height=\"950\" src=\"data:image\/gif;base64,R0lGODlhAQABAIAAAAAAAP\/\/\/yH5BAEAAAAALAAAAAABAAEAAAIBRAA7\" class=\"aux-attachment aux-featured-image aux-attachment-id-705 aux-preload aux-blank\" data-ratio=\"1.09\" data-original-w=\"2048\" sizes=\"auto\" data-srcset=\"https:\/\/www.creatingsmiles.info\/wp-content\/uploads\/2024\/03\/DSC8072-scaled-150x137.jpg 150w,https:\/\/www.creatingsmiles.info\/wp-content\/uploads\/2024\/03\/DSC8072-scaled-300x275.jpg 300w,https:\/\/www.creatingsmiles.info\/wp-content\/uploads\/2024\/03\/DSC8072-scaled-768x704.jpg 768w,https:\/\/www.creatingsmiles.info\/wp-content\/uploads\/2024\/03\/DSC8072-scaled-1024x938.jpg 1024w,https:\/\/www.creatingsmiles.info\/wp-content\/uploads\/2024\/03\/DSC8072-scaled-1037x950.jpg 1037w\" data-src=\"https:\/\/www.creatingsmiles.info\/wp-content\/uploads\/2024\/03\/DSC8072-scaled-1037x950.jpg\" \/>            \n                <\/div>\n    <\/div>\n\n<\/section><!-- widget-container -->\t\t\t\t<\/div>\n\t\t\t\t<\/div>\n\t\t\t\t\t<\/div>\n\t\t<\/div>\n\t\t\t\t<div class=\"aux-parallax-section elementor-column elementor-col-50 elementor-top-column elementor-element elementor-element-30d8bdbd\" data-id=\"30d8bdbd\" data-element_type=\"column\" data-e-type=\"column\">\n\t\t\t<div class=\"elementor-widget-wrap elementor-element-populated\">\n\t\t\t\t\t\t<div class=\"elementor-element elementor-element-46fc4ae1 aux-appear-watch-animation aux-fade-in elementor-widget-tablet__width-initial elementor-widget elementor-widget-aux_modern_heading\" data-id=\"46fc4ae1\" data-element_type=\"widget\" data-e-type=\"widget\" data-widget_type=\"aux_modern_heading.default\">\n\t\t\t\t<div class=\"elementor-widget-container\">\n\t\t\t\t\t<section class=\"aux-widget-modern-heading\">\n            <div class=\"aux-widget-inner\"><h2 class=\"aux-modern-heading-primary\"><\/h2><h3 class=\"aux-modern-heading-secondary\"><span class=\"aux-head-before\">Restauradora<\/span><\/h3><div class=\"aux-modern-heading-divider\"><\/div><div class=\"aux-modern-heading-description\"><p>Es una corriente que propone t\u00e9cnicas restauradoras cuyo principio fundamental es respetar el tejido sano al m\u00e1ximo, sin realizar tratamientos invasivos que hagan peligrar la integridad del diente.<\/p><\/div><\/div>\n        <\/section>\t\t\t\t<\/div>\n\t\t\t\t<\/div>\n\t\t\t\t\t<\/div>\n\t\t<\/div>\n\t\t\t\t\t<\/div>\n\t\t<\/section>\n\t\t\t\t<section class=\"elementor-section elementor-top-section elementor-element elementor-element-eacdef4 elementor-section-boxed elementor-section-height-default elementor-section-height-default\" data-id=\"eacdef4\" data-element_type=\"section\" data-e-type=\"section\" data-settings=\"{&quot;jet_parallax_layout_list&quot;:[]}\">\n\t\t\t\t\t\t<div class=\"elementor-container elementor-column-gap-default\">\n\t\t\t\t\t<div class=\"aux-parallax-section elementor-column elementor-col-16 elementor-top-column elementor-element elementor-element-428c9a6\" data-id=\"428c9a6\" data-element_type=\"column\" data-e-type=\"column\">\n\t\t\t<div class=\"elementor-widget-wrap\">\n\t\t\t\t\t\t\t<\/div>\n\t\t<\/div>\n\t\t\t\t<div class=\"aux-parallax-section elementor-column elementor-col-66 elementor-top-column elementor-element elementor-element-acbd657\" data-id=\"acbd657\" data-element_type=\"column\" data-e-type=\"column\">\n\t\t\t<div class=\"elementor-widget-wrap elementor-element-populated\">\n\t\t\t\t\t\t<div class=\"elementor-element elementor-element-34e5ad1 elementor-widget elementor-widget-text-editor\" data-id=\"34e5ad1\" data-element_type=\"widget\" data-e-type=\"widget\" data-widget_type=\"text-editor.default\">\n\t\t\t\t<div class=\"elementor-widget-container\">\n\t\t\t\t\t\t\t\t\t<p>La odontolog\u00eda conservadora\/restauradora tiene como objetivo principal el tratamiento de la caries dental, eliminando el tejido enfermo y sustituy\u00e9ndolo por un material de restauraci\u00f3n est\u00e9tico y resistente.<\/p><p>En nuestra consulta los materiales utilizados son las \u201cresinas compuestas\u201d o composites, conocidos como \u201cempastes blancos\u201d y los cementos de ion\u00f3mero de vidrio que remineralizan y fortalecen la estructura del diente.<\/p><p>Nuestros profesionales utilizan las t\u00e9cnicas adhesivas m\u00e1s conservadoras permitiendo una mayor preservaci\u00f3n del tejido dentario, filosof\u00eda de trabajo que englobamos dentro del concepto de odontolog\u00eda m\u00ednimamente invasiva.<\/p><p><strong>\u00a1Sonr\u00ede sin complejos!<\/strong><\/p><p>La Rehabilitaci\u00f3n Oral tiene como objetivo dotar al diente perjudicado, fracturado o perdido, de la funcionalidad adecuada. Con otras palabras, es la especialidad de la Odontolog\u00eda que se dedica al diagn\u00f3stico, tratamiento y rehabilitaci\u00f3n de las piezas dentales. Su finalidad es reestablecer las funciones orales tales como la fonoarticulaci\u00f3n, la masticaci\u00f3n y la est\u00e9tica, gracias al uso de materiales biocompatibles y t\u00e9cnicas espec\u00edficas. Por ejemplo: restauraciones directas, incrustaciones, pr\u00f3tesis, implantes dentales, carillas\u2026 \u00a1En nuestra cl\u00ednica dental en Orihuela Costa nos adaptamos seg\u00fan las necesidades de tu dentici\u00f3n!<\/p><p><strong>\u00bfCu\u00e1ndo necesito un tratamiento de Rehabilitaci\u00f3n Oral?<\/strong><\/p><p>En nuestra Cl\u00ednica Dental en Orihuela Costa queremos que vuelvas a sentirte seguro de ti mismo y c\u00f3modo con tu sonrisa y, sobre todo, sano. Por ello, contamos con el mejor equipo para facilitarte las mejores soluciones seg\u00fan tu caso.<\/p><p>A continuaci\u00f3n, te contamos cu\u00e1les son las situaciones en las que necesitar\u00e1s un tratamiento rehabilitador:<\/p>\t\t\t\t\t\t\t\t<\/div>\n\t\t\t\t<\/div>\n\t\t\t\t\t<\/div>\n\t\t<\/div>\n\t\t\t\t<div class=\"aux-parallax-section elementor-column elementor-col-16 elementor-top-column elementor-element elementor-element-3943216\" data-id=\"3943216\" data-element_type=\"column\" data-e-type=\"column\">\n\t\t\t<div class=\"elementor-widget-wrap\">\n\t\t\t\t\t\t\t<\/div>\n\t\t<\/div>\n\t\t\t\t\t<\/div>\n\t\t<\/section>\n\t\t\t\t<section class=\"elementor-section elementor-top-section elementor-element elementor-element-10b0eb1 elementor-section-boxed elementor-section-height-default elementor-section-height-default\" data-id=\"10b0eb1\" data-element_type=\"section\" data-e-type=\"section\" data-settings=\"{&quot;jet_parallax_layout_list&quot;:[]}\">\n\t\t\t\t\t\t<div class=\"elementor-container elementor-column-gap-default\">\n\t\t\t\t\t<div class=\"aux-parallax-section elementor-column elementor-col-33 elementor-top-column elementor-element elementor-element-058f766\" data-id=\"058f766\" data-element_type=\"column\" data-e-type=\"column\">\n\t\t\t<div class=\"elementor-widget-wrap elementor-element-populated\">\n\t\t\t\t\t\t<div class=\"elementor-element elementor-element-5be58d9 elementor-widget elementor-widget-premium-addon-banner\" data-id=\"5be58d9\" data-element_type=\"widget\" data-e-type=\"widget\" data-widget_type=\"premium-addon-banner.default\">\n\t\t\t\t<div class=\"elementor-widget-container\">\n\t\t\t\t\t\t\t<div class=\"premium-banner-ib premium-banner-min-height premium-banner-animation13 none premium-banner__effect-type2\">\n\t\t\t\t\t\t\t\t\t\t<img decoding=\"async\" width=\"724\" height=\"483\" src=\"https:\/\/www.creatingsmiles.info\/wp-content\/uploads\/2024\/03\/dents.jpg\" class=\"attachment-full size-full wp-image-738\" alt=\"\" srcset=\"https:\/\/www.creatingsmiles.info\/wp-content\/uploads\/2024\/03\/dents.jpg 724w, https:\/\/www.creatingsmiles.info\/wp-content\/uploads\/2024\/03\/dents-18x12.jpg 18w, https:\/\/www.creatingsmiles.info\/wp-content\/uploads\/2024\/03\/dents-200x133.jpg 200w\" \/>\t\t\t\t\t\t\t\t\t<div class=\"premium-banner-ib-desc\">\n\t\t\t\t\n\t\t\t\t\t\t\t\t\t<h3 class=\"premium-banner-ib-title premium_banner_title\">\n\t\t\t\t\t\tDIENTES FRACTURADOS\t\t\t\t\t<\/h3>\n\t\t\t\t\n\t\t\t\t\t\t\t\t\t<div class=\"premium-banner-ib-content premium_banner_content\">\n\t\t\t\t\t\t<p style=\"text-align: left;\">El bruxismo y los traumatismos son los principales motivos por los que la dentici\u00f3n se desgasta y se llega a fracturar. Si dichas fracturas son profundas, no se podr\u00e1n reparar con restauraciones directas: hablamos de las tapaduras. Por tanto, deberemos recurrir a la Rehabilitaci\u00f3n Oral en Orihuela Costa.<\/p>\t\t\t\t\t<\/div>\n\t\t\t\t\n\t\t\t\t\n\t\t\t\t\t\t\t<\/div>\n\t\t\t\t\t<\/div>\n\n\t\t\t\t\t\t<\/div>\n\t\t\t\t<\/div>\n\t\t\t\t\t<\/div>\n\t\t<\/div>\n\t\t\t\t<div class=\"aux-parallax-section elementor-column elementor-col-33 elementor-top-column elementor-element elementor-element-a56aabf\" data-id=\"a56aabf\" data-element_type=\"column\" data-e-type=\"column\">\n\t\t\t<div class=\"elementor-widget-wrap elementor-element-populated\">\n\t\t\t\t\t\t<div class=\"elementor-element elementor-element-422420b elementor-widget elementor-widget-premium-addon-banner\" data-id=\"422420b\" data-element_type=\"widget\" data-e-type=\"widget\" data-widget_type=\"premium-addon-banner.default\">\n\t\t\t\t<div class=\"elementor-widget-container\">\n\t\t\t\t\t\t\t<div class=\"premium-banner-ib premium-banner-min-height premium-banner-animation13 none premium-banner__effect-type2\">\n\t\t\t\t\t\t\t\t\t\t<img decoding=\"async\" width=\"600\" height=\"400\" src=\"https:\/\/www.creatingsmiles.info\/wp-content\/uploads\/2024\/03\/dents-2.jpg\" class=\"attachment-full size-full wp-image-739\" alt=\"\" srcset=\"https:\/\/www.creatingsmiles.info\/wp-content\/uploads\/2024\/03\/dents-2.jpg 600w, https:\/\/www.creatingsmiles.info\/wp-content\/uploads\/2024\/03\/dents-2-18x12.jpg 18w, https:\/\/www.creatingsmiles.info\/wp-content\/uploads\/2024\/03\/dents-2-200x133.jpg 200w\" \/>\t\t\t\t\t\t\t\t\t<div class=\"premium-banner-ib-desc\">\n\t\t\t\t\n\t\t\t\t\t\t\t\t\t<h3 class=\"premium-banner-ib-title premium_banner_title\">\n\t\t\t\t\t\tDIENTES PERDIDOS\t\t\t\t\t<\/h3>\n\t\t\t\t\n\t\t\t\t\t\t\t\t\t<div class=\"premium-banner-ib-content premium_banner_content\">\n\t\t\t\t\t\t<p style=\"text-align: left;\">Ya sea por un traumatismo, caries o periodontitis, la dentici\u00f3n perdida supone un foco de complicaciones funcionales y problemas est\u00e9ticos. Gracias a los distintos tratamientos rehabilitadores como pr\u00f3tesis removible o fija, o los implantes, se puede recuperar el aspecto original de la sonrisa.<\/p>\t\t\t\t\t<\/div>\n\t\t\t\t\n\t\t\t\t\n\t\t\t\t\t\t\t<\/div>\n\t\t\t\t\t<\/div>\n\n\t\t\t\t\t\t<\/div>\n\t\t\t\t<\/div>\n\t\t\t\t\t<\/div>\n\t\t<\/div>\n\t\t\t\t<div class=\"aux-parallax-section elementor-column elementor-col-33 elementor-top-column elementor-element elementor-element-f578825\" data-id=\"f578825\" data-element_type=\"column\" data-e-type=\"column\">\n\t\t\t<div class=\"elementor-widget-wrap elementor-element-populated\">\n\t\t\t\t\t\t<div class=\"elementor-element elementor-element-7ea2749 elementor-widget elementor-widget-premium-addon-banner\" data-id=\"7ea2749\" data-element_type=\"widget\" data-e-type=\"widget\" data-widget_type=\"premium-addon-banner.default\">\n\t\t\t\t<div class=\"elementor-widget-container\">\n\t\t\t\t\t\t\t<div class=\"premium-banner-ib premium-banner-min-height premium-banner-animation13 none premium-banner__effect-type2\">\n\t\t\t\t\t\t\t\t\t\t<img loading=\"lazy\" decoding=\"async\" width=\"724\" height=\"483\" src=\"https:\/\/www.creatingsmiles.info\/wp-content\/uploads\/2024\/03\/dents-3_2.jpg\" class=\"attachment-full size-full wp-image-794\" alt=\"\" srcset=\"https:\/\/www.creatingsmiles.info\/wp-content\/uploads\/2024\/03\/dents-3_2.jpg 724w, https:\/\/www.creatingsmiles.info\/wp-content\/uploads\/2024\/03\/dents-3_2-18x12.jpg 18w, https:\/\/www.creatingsmiles.info\/wp-content\/uploads\/2024\/03\/dents-3_2-200x133.jpg 200w\" \/>\t\t\t\t\t\t\t\t\t<div class=\"premium-banner-ib-desc\">\n\t\t\t\t\n\t\t\t\t\t\t\t\t\t<h3 class=\"premium-banner-ib-title premium_banner_title\">\n\t\t\t\t\t\tDIENTES CON ENDODONCIA\t\t\t\t\t<\/h3>\n\t\t\t\t\n\t\t\t\t\t\t\t\t\t<div class=\"premium-banner-ib-content premium_banner_content\">\n\t\t\t\t\t\t<p style=\"text-align: left;\">Si existen caries en estado muy avanzado, llegando a la pulpa dental, se han de desinfectar los conductos del diente para eliminar las bacterias que lo han ocasionado.<\/p>\t\t\t\t\t<\/div>\n\t\t\t\t\n\t\t\t\t\n\t\t\t\t\t\t\t<\/div>\n\t\t\t\t\t<\/div>\n\n\t\t\t\t\t\t<\/div>\n\t\t\t\t<\/div>\n\t\t\t\t\t<\/div>\n\t\t<\/div>\n\t\t\t\t\t<\/div>\n\t\t<\/section>\n\t\t\t\t<section class=\"elementor-section elementor-top-section elementor-element elementor-element-fa1e702 elementor-section-boxed elementor-section-height-default elementor-section-height-default\" data-id=\"fa1e702\" data-element_type=\"section\" data-e-type=\"section\" data-settings=\"{&quot;jet_parallax_layout_list&quot;:[]}\">\n\t\t\t\t\t\t<div class=\"elementor-container elementor-column-gap-default\">\n\t\t\t\t\t<div class=\"aux-parallax-section elementor-column elementor-col-16 elementor-top-column elementor-element elementor-element-0c8d9cf\" data-id=\"0c8d9cf\" data-element_type=\"column\" data-e-type=\"column\">\n\t\t\t<div class=\"elementor-widget-wrap\">\n\t\t\t\t\t\t\t<\/div>\n\t\t<\/div>\n\t\t\t\t<div class=\"aux-parallax-section elementor-column elementor-col-66 elementor-top-column elementor-element elementor-element-22dfc93\" data-id=\"22dfc93\" data-element_type=\"column\" data-e-type=\"column\">\n\t\t\t<div class=\"elementor-widget-wrap elementor-element-populated\">\n\t\t\t\t\t\t<div class=\"elementor-element elementor-element-f8d39a1 elementor-widget elementor-widget-text-editor\" data-id=\"f8d39a1\" data-element_type=\"widget\" data-e-type=\"widget\" data-widget_type=\"text-editor.default\">\n\t\t\t\t<div class=\"elementor-widget-container\">\n\t\t\t\t\t\t\t\t\t<p class=\"elementor-image-box-description\"><b>\u00bfQu\u00e9 tratamientos de Rehabilitaci\u00f3n Oral realizamos?<\/b><\/p><p class=\"elementor-image-box-description\">\u2022 Restauraci\u00f3n unitaria: es el tipo de restauraci\u00f3n con implantes m\u00e1s com\u00fan. Es la restauraci\u00f3n perfecta cuando falta una pieza dental, ya sea por enfermedad periodontal o por un traumatismo.<\/p><p class=\"elementor-image-box-description\">\u2022 Restauraci\u00f3n m\u00faltiple: en este tipo de restauraciones con implantes se busca reponer varios dientes en la cavidad oral, resultando necesario la inserci\u00f3n de varios implantes sobre hueso, que establecer\u00e1n las bases para la pr\u00f3tesis final.<\/p><p class=\"elementor-image-box-description\">\u2022 Restauraci\u00f3n dental completa: es el tratamiento ideal para retornar la funcionalidad y est\u00e9tica inicial a la sonrisa y presenta dos opciones: en la primera, una parte de la pr\u00f3tesis descansa sobre los implantes mientras que el resto hace lo propio en la enc\u00eda. En la segunda posibilidad, la pr\u00f3tesis se sostiene mediante varios implantes: \u201cimplantosoportada\u201d.<\/p><p class=\"elementor-image-box-description\">Si necesitas asesoramiento, informaci\u00f3n o ayuda, no dudes en pedir tu primera cita con nosotros. \u00a1Te esperamos con los brazos abiertos!<\/p>\t\t\t\t\t\t\t\t<\/div>\n\t\t\t\t<\/div>\n\t\t\t\t\t<\/div>\n\t\t<\/div>\n\t\t\t\t<div class=\"aux-parallax-section elementor-column elementor-col-16 elementor-top-column elementor-element elementor-element-7006f73\" data-id=\"7006f73\" data-element_type=\"column\" data-e-type=\"column\">\n\t\t\t<div class=\"elementor-widget-wrap\">\n\t\t\t\t\t\t\t<\/div>\n\t\t<\/div>\n\t\t\t\t\t<\/div>\n\t\t<\/section>\n\t\t\t\t<\/div>\n\t\t","protected":false},"excerpt":{"rendered":"<p>Restauradora Restauradora Es una corriente que propone t\u00e9cnicas restauradoras cuyo principio fundamental es respetar el tejido sano al m\u00e1ximo, sin realizar tratamientos invasivos que hagan peligrar la integridad del diente. La odontolog\u00eda conservadora\/restauradora tiene como objetivo principal el tratamiento de la caries dental, eliminando el tejido enfermo y sustituy\u00e9ndolo por un material de restauraci\u00f3n est\u00e9tico [&hellip;]<\/p>\n","protected":false},"author":1,"featured_media":0,"parent":0,"menu_order":0,"comment_status":"closed","ping_status":"closed","template":"templates\/page-builder-content.php","meta":{"rs_blank_template":"","rs_page_bg_color":"","slide_template_v7":"","footnotes":""},"class_list":["post-723","page","type-page","status-publish","hentry"],"_links":{"self":[{"href":"https:\/\/www.creatingsmiles.info\/es\/wp-json\/wp\/v2\/pages\/723","targetHints":{"allow":["GET"]}}],"collection":[{"href":"https:\/\/www.creatingsmiles.info\/es\/wp-json\/wp\/v2\/pages"}],"about":[{"href":"https:\/\/www.creatingsmiles.info\/es\/wp-json\/wp\/v2\/types\/page"}],"author":[{"embeddable":true,"href":"https:\/\/www.creatingsmiles.info\/es\/wp-json\/wp\/v2\/users\/1"}],"replies":[{"embeddable":true,"href":"https:\/\/www.creatingsmiles.info\/es\/wp-json\/wp\/v2\/comments?post=723"}],"version-history":[{"count":94,"href":"https:\/\/www.creatingsmiles.info\/es\/wp-json\/wp\/v2\/pages\/723\/revisions"}],"predecessor-version":[{"id":832,"href":"https:\/\/www.creatingsmiles.info\/es\/wp-json\/wp\/v2\/pages\/723\/revisions\/832"}],"wp:attachment":[{"href":"https:\/\/www.creatingsmiles.info\/es\/wp-json\/wp\/v2\/media?parent=723"}],"curies":[{"name":"wp","href":"https:\/\/api.w.org\/{rel}","templated":true}]}}