{"id":881,"date":"2024-03-20T10:12:38","date_gmt":"2024-03-20T09:12:38","guid":{"rendered":"https:\/\/www.creatingsmiles.info\/?page_id=881"},"modified":"2024-03-20T10:41:31","modified_gmt":"2024-03-20T09:41:31","slug":"endodontics","status":"publish","type":"page","link":"https:\/\/www.creatingsmiles.info\/es\/endodontics\/","title":{"rendered":"Endodoncia"},"content":{"rendered":"\t\t<div data-elementor-type=\"wp-page\" data-elementor-id=\"881\" class=\"elementor elementor-881\" data-elementor-post-type=\"page\">\n\t\t\t\t\t\t<section class=\"elementor-section elementor-top-section elementor-element elementor-element-7c89838d elementor-section-stretched elementor-section-height-min-height elementor-section-boxed elementor-section-height-default elementor-section-items-middle\" data-id=\"7c89838d\" data-element_type=\"section\" data-e-type=\"section\" data-settings=\"{&quot;stretch_section&quot;:&quot;section-stretched&quot;,&quot;background_background&quot;:&quot;classic&quot;,&quot;jet_parallax_layout_list&quot;:[]}\">\n\t\t\t\t\t\t<div class=\"elementor-container elementor-column-gap-default\">\n\t\t\t\t\t<div class=\"aux-parallax-section elementor-column elementor-col-100 elementor-top-column elementor-element elementor-element-51ad86fa aux-appear-watch-animation aux-fade-in-right\" data-id=\"51ad86fa\" data-element_type=\"column\" data-e-type=\"column\">\n\t\t\t<div class=\"elementor-widget-wrap elementor-element-populated\">\n\t\t\t\t\t\t<div class=\"elementor-element elementor-element-65ae90d0 elementor-widget elementor-widget-aux_modern_heading\" data-id=\"65ae90d0\" data-element_type=\"widget\" data-e-type=\"widget\" data-widget_type=\"aux_modern_heading.default\">\n\t\t\t\t<div class=\"elementor-widget-container\">\n\t\t\t\t\t<section class=\"aux-widget-modern-heading\">\n            <div class=\"aux-widget-inner\"><h2 class=\"aux-modern-heading-primary\">Endodoncia<\/h2><\/div>\n        <\/section>\t\t\t\t<\/div>\n\t\t\t\t<\/div>\n\t\t\t\t\t<\/div>\n\t\t<\/div>\n\t\t\t\t\t<\/div>\n\t\t<\/section>\n\t\t\t\t<section class=\"elementor-section elementor-top-section elementor-element elementor-element-1b9453a elementor-section-content-middle elementor-section-boxed elementor-section-height-default elementor-section-height-default\" data-id=\"1b9453a\" data-element_type=\"section\" data-e-type=\"section\" data-settings=\"{&quot;background_background&quot;:&quot;classic&quot;,&quot;jet_parallax_layout_list&quot;:[]}\">\n\t\t\t\t\t\t<div class=\"elementor-container elementor-column-gap-default\">\n\t\t\t\t\t<div class=\"aux-parallax-section elementor-column elementor-col-50 elementor-top-column elementor-element elementor-element-46800144 aux-appear-watch-animation aux-fade-in-left\" data-id=\"46800144\" data-element_type=\"column\" data-e-type=\"column\">\n\t\t\t<div class=\"elementor-widget-wrap elementor-element-populated\">\n\t\t\t\t\t\t<div class=\"elementor-element elementor-element-6b0f0e96 elementor-widget-mobile__width-initial elementor-widget elementor-widget-aux_image\" data-id=\"6b0f0e96\" data-element_type=\"widget\" data-e-type=\"widget\" data-widget_type=\"aux_image.default\">\n\t\t\t\t<div class=\"elementor-widget-container\">\n\t\t\t\t\t<section class=\"widget-container aux-widget-image aux-alignnone aux-parent-au6955d1c7\">\n    <div class=\"aux-media-hint-frame \">\n        <div class=\"aux-media-image \" >\n        \n            \n\n            \n            <img fetchpriority=\"high\" decoding=\"async\" width=\"768\" height=\"768\" src=\"data:image\/gif;base64,R0lGODlhAQABAIAAAAAAAP\/\/\/yH5BAEAAAAALAAAAAABAAEAAAIBRAA7\" class=\"aux-attachment aux-featured-image aux-attachment-id-886 aux-preload aux-blank\" data-ratio=\"1\" data-original-w=\"1365\" sizes=\"auto\" data-srcset=\"https:\/\/www.creatingsmiles.info\/wp-content\/uploads\/2024\/03\/IMG_7412-150x150.jpg 150w,https:\/\/www.creatingsmiles.info\/wp-content\/uploads\/2024\/03\/IMG_7412-300x300.jpg 300w,https:\/\/www.creatingsmiles.info\/wp-content\/uploads\/2024\/03\/IMG_7412-768x768.jpg 768w,https:\/\/www.creatingsmiles.info\/wp-content\/uploads\/2024\/03\/IMG_7412-1024x1024.jpg 1024w,https:\/\/www.creatingsmiles.info\/wp-content\/uploads\/2024\/03\/IMG_7412-768x768.jpg 768w\" data-src=\"https:\/\/www.creatingsmiles.info\/wp-content\/uploads\/2024\/03\/IMG_7412-768x768.jpg\" \/>            \n                <\/div>\n    <\/div>\n\n<\/section><!-- widget-container -->\t\t\t\t<\/div>\n\t\t\t\t<\/div>\n\t\t\t\t\t<\/div>\n\t\t<\/div>\n\t\t\t\t<div class=\"aux-parallax-section elementor-column elementor-col-50 elementor-top-column elementor-element elementor-element-30d8bdbd\" data-id=\"30d8bdbd\" data-element_type=\"column\" data-e-type=\"column\">\n\t\t\t<div class=\"elementor-widget-wrap elementor-element-populated\">\n\t\t\t\t\t\t<div class=\"elementor-element elementor-element-46fc4ae1 aux-appear-watch-animation aux-fade-in elementor-widget-tablet__width-initial elementor-widget-mobile__width-inherit elementor-widget elementor-widget-aux_modern_heading\" data-id=\"46fc4ae1\" data-element_type=\"widget\" data-e-type=\"widget\" data-widget_type=\"aux_modern_heading.default\">\n\t\t\t\t<div class=\"elementor-widget-container\">\n\t\t\t\t\t<section class=\"aux-widget-modern-heading\">\n            <div class=\"aux-widget-inner\"><h2 class=\"aux-modern-heading-primary\"><\/h2><h3 class=\"aux-modern-heading-secondary\"><span class=\"aux-head-before\">Endodoncia<\/span><\/h3><div class=\"aux-modern-heading-divider\"><\/div><div class=\"aux-modern-heading-description\"><p>La endodoncia es el tratamiento conservador que tiene como objetivo salvar un diente, cuando \u00e9ste est\u00e1 muerto, enfermo o da\u00f1ado.<\/p><\/div><\/div>\n        <\/section>\t\t\t\t<\/div>\n\t\t\t\t<\/div>\n\t\t\t\t\t<\/div>\n\t\t<\/div>\n\t\t\t\t\t<\/div>\n\t\t<\/section>\n\t\t\t\t<section class=\"elementor-section elementor-top-section elementor-element elementor-element-46f118c elementor-section-boxed elementor-section-height-default elementor-section-height-default\" data-id=\"46f118c\" data-element_type=\"section\" data-e-type=\"section\" data-settings=\"{&quot;jet_parallax_layout_list&quot;:[]}\">\n\t\t\t\t\t\t<div class=\"elementor-container elementor-column-gap-default\">\n\t\t\t\t\t<div class=\"aux-parallax-section elementor-column elementor-col-100 elementor-top-column elementor-element elementor-element-9bd63b7\" data-id=\"9bd63b7\" data-element_type=\"column\" data-e-type=\"column\">\n\t\t\t<div class=\"elementor-widget-wrap elementor-element-populated\">\n\t\t\t\t\t\t<div class=\"elementor-element elementor-element-34e5ad1 elementor-widget elementor-widget-text-editor\" data-id=\"34e5ad1\" data-element_type=\"widget\" data-e-type=\"widget\" data-widget_type=\"text-editor.default\">\n\t\t\t\t<div class=\"elementor-widget-container\">\n\t\t\t\t\t\t\t\t\t<p class=\"elementor-image-box-description\"><b>\u00a1Podemos salvar tus piezas dentales!<\/b><\/p><p class=\"elementor-image-box-description\">Los procedimientos de la Odontolog\u00eda Conservadora ayudan a mantener los dientes naturales en unas condiciones adecuadas, adem\u00e1s de evitar y prevenir la aparici\u00f3n y el desarrollo de enfermedades orales graves.<\/p><p>\u00a0<\/p>\t\t\t\t\t\t\t\t<\/div>\n\t\t\t\t<\/div>\n\t\t\t\t\t<\/div>\n\t\t<\/div>\n\t\t\t\t\t<\/div>\n\t\t<\/section>\n\t\t\t\t<section class=\"elementor-section elementor-top-section elementor-element elementor-element-ec35e96 elementor-section-boxed elementor-section-height-default elementor-section-height-default\" data-id=\"ec35e96\" data-element_type=\"section\" data-e-type=\"section\" data-settings=\"{&quot;jet_parallax_layout_list&quot;:[]}\">\n\t\t\t\t\t\t<div class=\"elementor-container elementor-column-gap-default\">\n\t\t\t\t\t<div class=\"aux-parallax-section elementor-column elementor-col-33 elementor-top-column elementor-element elementor-element-8355b70\" data-id=\"8355b70\" data-element_type=\"column\" data-e-type=\"column\">\n\t\t\t<div class=\"elementor-widget-wrap elementor-element-populated\">\n\t\t\t\t\t\t<div class=\"elementor-element elementor-element-5a55411 elementor-widget__width-initial elementor-widget-tablet__width-initial elementor-widget elementor-widget-image\" data-id=\"5a55411\" data-element_type=\"widget\" data-e-type=\"widget\" data-widget_type=\"image.default\">\n\t\t\t\t<div class=\"elementor-widget-container\">\n\t\t\t\t\t\t\t\t\t\t\t\t\t\t\t<img decoding=\"async\" width=\"191\" height=\"300\" src=\"https:\/\/www.creatingsmiles.info\/wp-content\/uploads\/2024\/03\/ENDODONCIA-191x300-1.jpg\" class=\"attachment-full size-full wp-image-887\" alt=\"\" srcset=\"https:\/\/www.creatingsmiles.info\/wp-content\/uploads\/2024\/03\/ENDODONCIA-191x300-1.jpg 191w, https:\/\/www.creatingsmiles.info\/wp-content\/uploads\/2024\/03\/ENDODONCIA-191x300-1-8x12.jpg 8w\" sizes=\"(max-width: 191px) 100vw, 191px\" \/>\t\t\t\t\t\t\t\t\t\t\t\t\t\t\t<\/div>\n\t\t\t\t<\/div>\n\t\t\t\t\t<\/div>\n\t\t<\/div>\n\t\t\t\t<div class=\"aux-parallax-section elementor-column elementor-col-66 elementor-top-column elementor-element elementor-element-00452f2\" data-id=\"00452f2\" data-element_type=\"column\" data-e-type=\"column\">\n\t\t\t<div class=\"elementor-widget-wrap elementor-element-populated\">\n\t\t\t\t\t\t<div class=\"elementor-element elementor-element-182c598 elementor-widget__width-initial elementor-widget elementor-widget-text-editor\" data-id=\"182c598\" data-element_type=\"widget\" data-e-type=\"widget\" data-widget_type=\"text-editor.default\">\n\t\t\t\t<div class=\"elementor-widget-container\">\n\t\t\t\t\t\t\t\t\t<p>En este sentido, la Endodoncia, tambi\u00e9n conocida como tratamiento de conductos, es el procedimiento odontol\u00f3gico que posibilita eliminar los tejidos afectados del interior de una pieza dental. Gracias a este tratamiento, se consigue extirpar la pulpa dental da\u00f1ada para, posteriormente, llevar a cabo el relleno y el sellado de la cavidad mediante diversos materiales. De esta manera, el diente original puede conservarse, as\u00ed como el hueso y la enc\u00eda que lo rodea. Y, lo m\u00e1s importante, se recupera la funcionalidad de la boca sin extracciones o colocaci\u00f3n de implantes innecesarios.<\/p><p>En nuestra cl\u00ednica dental en Orihuela Costa somos expertos en procedimientos de Endodoncia y contamos con los mejores endodoncistas. Ante todo, nos comprometemos con tu salud bucodental, ayud\u00e1ndote a que, siempre que sea posible, conserves tu dentici\u00f3n. Si sientes alg\u00fan tipo de molestia en alguna de tus piezas dentales, no dudes en contactar con nosotros.<\/p><p><strong>\u00bfCu\u00e1ndo se necesita una endodoncia?<\/strong><\/p><p>La endodoncia en Orihuela Costa se realiza cuando la pulpa de una pieza dental ha acabado siendo da\u00f1ada de forma irreversible. Esto puede suceder por diversos motivos, como en el caso de la presencia de una caries profunda, de traumatismos, debidos a un golpe o a una ca\u00edda, o de lesiones endoperiodontales. En cualquiera de estos casos, es fundamental que se realice una detecci\u00f3n y un diagn\u00f3stico precoces para que el tratamiento sea lo menos invasivo posible.<\/p>\t\t\t\t\t\t\t\t<\/div>\n\t\t\t\t<\/div>\n\t\t\t\t\t<\/div>\n\t\t<\/div>\n\t\t\t\t\t<\/div>\n\t\t<\/section>\n\t\t\t\t<section class=\"elementor-section elementor-top-section elementor-element elementor-element-1ecdb00 elementor-section-boxed elementor-section-height-default elementor-section-height-default\" data-id=\"1ecdb00\" data-element_type=\"section\" data-e-type=\"section\" data-settings=\"{&quot;jet_parallax_layout_list&quot;:[]}\">\n\t\t\t\t\t\t<div class=\"elementor-container elementor-column-gap-default\">\n\t\t\t\t\t<div class=\"aux-parallax-section elementor-column elementor-col-100 elementor-top-column elementor-element elementor-element-0117706\" data-id=\"0117706\" data-element_type=\"column\" data-e-type=\"column\">\n\t\t\t<div class=\"elementor-widget-wrap elementor-element-populated\">\n\t\t\t\t\t\t<div class=\"elementor-element elementor-element-dd76df5 elementor-widget elementor-widget-text-editor\" data-id=\"dd76df5\" data-element_type=\"widget\" data-e-type=\"widget\" data-widget_type=\"text-editor.default\">\n\t\t\t\t<div class=\"elementor-widget-container\">\n\t\t\t\t\t\t\t\t\t<p>En este sentido, es importante tener en cuenta toda una serie de indicios que pueden advertirnos de que existe alguna patolog\u00eda en la cavidad oral:<\/p><p><strong><span style=\"color: #5781ab;\">\u2022 UNA O VARIAS CARIES VISIBLES A SIMPLE VISTA.<\/span><\/strong><br \/><strong><span style=\"color: #5781ab;\">\u2022 CIERTA SENSIBILIDAD O HIPERSENSIBILIDAD, AL FR\u00cdO, AL CALOR, A LOS ALIMENTOS \u00c1CIDOS O INCLUSO A CUALQUIER TIPO DE MASTICACI\u00d3N<\/span><\/strong><br \/><strong><span style=\"color: #5781ab;\">\u2022 DOLOR AGUDO O CONSTANTE EN ALGUNA DE LAS PIEZAS DENTALES<\/span><\/strong><br \/><strong><span style=\"color: #5781ab;\">\u2022 OSCURECIMIENTO DE ALGUNO DE LOS DIENTES.<\/span><\/strong><br \/><strong><span style=\"color: #5781ab;\">\u2022 PRESENCIA DE UN ABSCESO DENTAL O FLEM\u00d3N.<\/span><\/strong><\/p><p><strong>\u00bfCu\u00e1les son las ventajas de este tratamiento?<\/strong><\/p><p>La limpieza de los conductos radiculares para eliminar la acumulaci\u00f3n de bacterias consigue evitar la p\u00e9rdida de la dentici\u00f3n original, siempre que sea viable. As\u00ed, los tratamientos endod\u00f3nticos conllevan toda una serie de ventajas y beneficios para la salud bucodental y general del paciente:<\/p><ul><li><strong><span style=\"color: #5781ab;\">Permiten erradicar el dolor.<\/span><\/strong><\/li><li><strong><span style=\"color: #5781ab;\">Evitan que se desarrollen complicaciones bucodentales de mayor gravedad, que pueden acabar incluso con la p\u00e9rdida de piezas dentales.<\/span><\/strong><\/li><li><strong><span style=\"color: #5781ab;\">Suponen una recuperaci\u00f3n de la funcionalidad masticatoria, fon\u00e9tica y est\u00e9tica de la boca, sin tener que recurrir a tratamientos mediante implantes dentales o pr\u00f3tesis.<\/span><\/strong><\/li><\/ul><p>En nuestra cl\u00ednica dental en Orihuela Costa, nuestros profesionales en endodoncia llevar\u00e1n a cabo una evaluaci\u00f3n del estado de la cavidad oral mediante una revisi\u00f3n y las radiograf\u00edas y pruebas complementarias pertinentes. As\u00ed, se podr\u00e1 llevar a cabo una restauraci\u00f3n de las piezas afectadas y una rehabilitaci\u00f3n total de la boca.<br \/>Nuestros dentistas en Orihuela Costa recuerdan, adem\u00e1s, que para impedir el desarrollo de caries es fundamental mantener una buena higiene oral diaria y visitar a la consulta dental de forma peri\u00f3dica. Si tienes alguna duda o crees que podr\u00edas necesitar una Endodoncia, solo tienes que ponerte en contacto con nosotros.<\/p>\t\t\t\t\t\t\t\t<\/div>\n\t\t\t\t<\/div>\n\t\t\t\t\t<\/div>\n\t\t<\/div>\n\t\t\t\t\t<\/div>\n\t\t<\/section>\n\t\t\t\t<\/div>\n\t\t","protected":false},"excerpt":{"rendered":"<p>Endodoncia Endodoncia La endodoncia es el tratamiento conservador que tiene como objetivo salvar un diente, cuando \u00e9ste est\u00e1 muerto, enfermo o da\u00f1ado. \u00a1Podemos salvar tus piezas dentales! Los procedimientos de la Odontolog\u00eda Conservadora ayudan a mantener los dientes naturales en unas condiciones adecuadas, adem\u00e1s de evitar y prevenir la aparici\u00f3n y el desarrollo de enfermedades [&hellip;]<\/p>\n","protected":false},"author":1,"featured_media":0,"parent":0,"menu_order":0,"comment_status":"closed","ping_status":"closed","template":"templates\/page-builder-content.php","meta":{"rs_blank_template":"","rs_page_bg_color":"","slide_template_v7":"","footnotes":""},"class_list":["post-881","page","type-page","status-publish","hentry"],"_links":{"self":[{"href":"https:\/\/www.creatingsmiles.info\/es\/wp-json\/wp\/v2\/pages\/881","targetHints":{"allow":["GET"]}}],"collection":[{"href":"https:\/\/www.creatingsmiles.info\/es\/wp-json\/wp\/v2\/pages"}],"about":[{"href":"https:\/\/www.creatingsmiles.info\/es\/wp-json\/wp\/v2\/types\/page"}],"author":[{"embeddable":true,"href":"https:\/\/www.creatingsmiles.info\/es\/wp-json\/wp\/v2\/users\/1"}],"replies":[{"embeddable":true,"href":"https:\/\/www.creatingsmiles.info\/es\/wp-json\/wp\/v2\/comments?post=881"}],"version-history":[{"count":28,"href":"https:\/\/www.creatingsmiles.info\/es\/wp-json\/wp\/v2\/pages\/881\/revisions"}],"predecessor-version":[{"id":914,"href":"https:\/\/www.creatingsmiles.info\/es\/wp-json\/wp\/v2\/pages\/881\/revisions\/914"}],"wp:attachment":[{"href":"https:\/\/www.creatingsmiles.info\/es\/wp-json\/wp\/v2\/media?parent=881"}],"curies":[{"name":"wp","href":"https:\/\/api.w.org\/{rel}","templated":true}]}}