{"id":977,"date":"2024-03-20T12:17:59","date_gmt":"2024-03-20T11:17:59","guid":{"rendered":"https:\/\/www.creatingsmiles.info\/?page_id=977"},"modified":"2024-03-20T13:21:16","modified_gmt":"2024-03-20T12:21:16","slug":"craniomandibular-dysfunction","status":"publish","type":"page","link":"https:\/\/www.creatingsmiles.info\/es\/craniomandibular-dysfunction\/","title":{"rendered":"Disfunci\u00f3n Craneomandibular"},"content":{"rendered":"\t\t<div data-elementor-type=\"wp-page\" data-elementor-id=\"977\" class=\"elementor elementor-977\" data-elementor-post-type=\"page\">\n\t\t\t\t\t\t<section class=\"elementor-section elementor-top-section elementor-element elementor-element-7c89838d elementor-section-stretched elementor-section-height-min-height elementor-section-boxed elementor-section-height-default elementor-section-items-middle\" data-id=\"7c89838d\" data-element_type=\"section\" data-e-type=\"section\" data-settings=\"{&quot;stretch_section&quot;:&quot;section-stretched&quot;,&quot;background_background&quot;:&quot;classic&quot;,&quot;jet_parallax_layout_list&quot;:[]}\">\n\t\t\t\t\t\t<div class=\"elementor-container elementor-column-gap-default\">\n\t\t\t\t\t<div class=\"aux-parallax-section elementor-column elementor-col-100 elementor-top-column elementor-element elementor-element-51ad86fa aux-appear-watch-animation aux-fade-in-right\" data-id=\"51ad86fa\" data-element_type=\"column\" data-e-type=\"column\">\n\t\t\t<div class=\"elementor-widget-wrap elementor-element-populated\">\n\t\t\t\t\t\t<div class=\"elementor-element elementor-element-65ae90d0 elementor-widget elementor-widget-aux_modern_heading\" data-id=\"65ae90d0\" data-element_type=\"widget\" data-e-type=\"widget\" data-widget_type=\"aux_modern_heading.default\">\n\t\t\t\t<div class=\"elementor-widget-container\">\n\t\t\t\t\t<section class=\"aux-widget-modern-heading\">\n            <div class=\"aux-widget-inner\"><h2 class=\"aux-modern-heading-primary\">Disfunci\u00f3n Craneomandibular<\/h2><\/div>\n        <\/section>\t\t\t\t<\/div>\n\t\t\t\t<\/div>\n\t\t\t\t\t<\/div>\n\t\t<\/div>\n\t\t\t\t\t<\/div>\n\t\t<\/section>\n\t\t\t\t<section class=\"elementor-section elementor-top-section elementor-element elementor-element-1b9453a elementor-section-content-middle elementor-section-boxed elementor-section-height-default elementor-section-height-default\" data-id=\"1b9453a\" data-element_type=\"section\" data-e-type=\"section\" data-settings=\"{&quot;background_background&quot;:&quot;classic&quot;,&quot;jet_parallax_layout_list&quot;:[]}\">\n\t\t\t\t\t\t<div class=\"elementor-container elementor-column-gap-default\">\n\t\t\t\t\t<div class=\"aux-parallax-section elementor-column elementor-col-50 elementor-top-column elementor-element elementor-element-46800144 aux-appear-watch-animation aux-fade-in-left\" data-id=\"46800144\" data-element_type=\"column\" data-e-type=\"column\">\n\t\t\t<div class=\"elementor-widget-wrap elementor-element-populated\">\n\t\t\t\t\t\t<div class=\"elementor-element elementor-element-6b0f0e96 elementor-widget-mobile__width-initial elementor-widget elementor-widget-aux_image\" data-id=\"6b0f0e96\" data-element_type=\"widget\" data-e-type=\"widget\" data-widget_type=\"aux_image.default\">\n\t\t\t\t<div class=\"elementor-widget-container\">\n\t\t\t\t\t<section class=\"widget-container aux-widget-image aux-alignnone aux-parent-au7757ec63\">\n    <div class=\"aux-media-hint-frame \">\n        <div class=\"aux-media-image \" >\n        \n            \n\n            \n            <img fetchpriority=\"high\" decoding=\"async\" width=\"1037\" height=\"950\" src=\"data:image\/gif;base64,R0lGODlhAQABAIAAAAAAAP\/\/\/yH5BAEAAAAALAAAAAABAAEAAAIBRAA7\" class=\"aux-attachment aux-featured-image aux-attachment-id-991 aux-preload aux-blank\" data-ratio=\"1.09\" data-original-w=\"1444\" sizes=\"auto\" data-srcset=\"https:\/\/www.creatingsmiles.info\/wp-content\/uploads\/2024\/03\/disfun-150x137.jpg 150w,https:\/\/www.creatingsmiles.info\/wp-content\/uploads\/2024\/03\/disfun-300x275.jpg 300w,https:\/\/www.creatingsmiles.info\/wp-content\/uploads\/2024\/03\/disfun-768x704.jpg 768w,https:\/\/www.creatingsmiles.info\/wp-content\/uploads\/2024\/03\/disfun-1024x938.jpg 1024w,https:\/\/www.creatingsmiles.info\/wp-content\/uploads\/2024\/03\/disfun-1037x950.jpg 1037w\" data-src=\"https:\/\/www.creatingsmiles.info\/wp-content\/uploads\/2024\/03\/disfun-1037x950.jpg\" \/>            \n                <\/div>\n    <\/div>\n\n<\/section><!-- widget-container -->\t\t\t\t<\/div>\n\t\t\t\t<\/div>\n\t\t\t\t\t<\/div>\n\t\t<\/div>\n\t\t\t\t<div class=\"aux-parallax-section elementor-column elementor-col-50 elementor-top-column elementor-element elementor-element-30d8bdbd\" data-id=\"30d8bdbd\" data-element_type=\"column\" data-e-type=\"column\">\n\t\t\t<div class=\"elementor-widget-wrap elementor-element-populated\">\n\t\t\t\t\t\t<div class=\"elementor-element elementor-element-46fc4ae1 aux-appear-watch-animation aux-fade-in elementor-widget-tablet__width-initial elementor-widget-mobile__width-inherit elementor-widget elementor-widget-aux_modern_heading\" data-id=\"46fc4ae1\" data-element_type=\"widget\" data-e-type=\"widget\" data-widget_type=\"aux_modern_heading.default\">\n\t\t\t\t<div class=\"elementor-widget-container\">\n\t\t\t\t\t<section class=\"aux-widget-modern-heading\">\n            <div class=\"aux-widget-inner\"><h2 class=\"aux-modern-heading-primary\"><\/h2><h3 class=\"aux-modern-heading-secondary\"><span class=\"aux-head-before\">DCM<\/span><\/h3><div class=\"aux-modern-heading-divider\"><\/div><div class=\"aux-modern-heading-description\"><p>El t\u00e9rmino Disfunci\u00f3n Craneomandibular (DCM) o Trastornos Temporomandibulares (TTM) hacen referencia a un conjunto de patolog\u00edas y situaciones cl\u00ednicas que tienen en com\u00fan la posibilidad de provocar dolor y\/o alteraciones funcionales del aparato masticatorio, fundamentalmente en las Articulaciones Temporomandibulares (ATM) y la musculatura asociada craneo-cervical.<\/p><\/div><\/div>\n        <\/section>\t\t\t\t<\/div>\n\t\t\t\t<\/div>\n\t\t\t\t\t<\/div>\n\t\t<\/div>\n\t\t\t\t\t<\/div>\n\t\t<\/section>\n\t\t\t\t<section class=\"elementor-section elementor-top-section elementor-element elementor-element-46f118c elementor-section-boxed elementor-section-height-default elementor-section-height-default\" data-id=\"46f118c\" data-element_type=\"section\" data-e-type=\"section\" data-settings=\"{&quot;jet_parallax_layout_list&quot;:[]}\">\n\t\t\t\t\t\t<div class=\"elementor-container elementor-column-gap-default\">\n\t\t\t\t\t<div class=\"aux-parallax-section elementor-column elementor-col-100 elementor-top-column elementor-element elementor-element-9bd63b7\" data-id=\"9bd63b7\" data-element_type=\"column\" data-e-type=\"column\">\n\t\t\t<div class=\"elementor-widget-wrap elementor-element-populated\">\n\t\t\t\t\t\t<div class=\"elementor-element elementor-element-34e5ad1 elementor-widget elementor-widget-text-editor\" data-id=\"34e5ad1\" data-element_type=\"widget\" data-e-type=\"widget\" data-widget_type=\"text-editor.default\">\n\t\t\t\t<div class=\"elementor-widget-container\">\n\t\t\t\t\t\t\t\t\t<p>Las causas m\u00e1s frecuentes de esta enfermedad son las situaciones de inestabilidad en la oclusi\u00f3n dental (forma en la que encajan los dientes superiores con los inferiores), los traumatismos cr\u00e1neo-faciales, ciertas alteraciones psicol\u00f3gicas (ansiedad, estr\u00e9s o depresi\u00f3n) que cursan con bruxismo (rechinamiento y\/o apretamiento de los dientes), o la presencia de enfermedades generalizadas como la artritis reumatoide o la fibromialgia, que pueden afectar a las ATMs y la musculatura masticatoria, respectivamente.<\/p>\t\t\t\t\t\t\t\t<\/div>\n\t\t\t\t<\/div>\n\t\t\t\t\t<\/div>\n\t\t<\/div>\n\t\t\t\t\t<\/div>\n\t\t<\/section>\n\t\t\t\t<\/div>\n\t\t","protected":false},"excerpt":{"rendered":"<p>Disfunci\u00f3n Craneomandibular DCM El t\u00e9rmino Disfunci\u00f3n Craneomandibular (DCM) o Trastornos Temporomandibulares (TTM) hacen referencia a un conjunto de patolog\u00edas y situaciones cl\u00ednicas que tienen en com\u00fan la posibilidad de provocar dolor y\/o alteraciones funcionales del aparato masticatorio, fundamentalmente en las Articulaciones Temporomandibulares (ATM) y la musculatura asociada craneo-cervical. Las causas m\u00e1s frecuentes de esta enfermedad [&hellip;]<\/p>\n","protected":false},"author":1,"featured_media":0,"parent":0,"menu_order":0,"comment_status":"closed","ping_status":"closed","template":"templates\/page-builder-content.php","meta":{"rs_blank_template":"","rs_page_bg_color":"","slide_template_v7":"","footnotes":""},"class_list":["post-977","page","type-page","status-publish","hentry"],"_links":{"self":[{"href":"https:\/\/www.creatingsmiles.info\/es\/wp-json\/wp\/v2\/pages\/977","targetHints":{"allow":["GET"]}}],"collection":[{"href":"https:\/\/www.creatingsmiles.info\/es\/wp-json\/wp\/v2\/pages"}],"about":[{"href":"https:\/\/www.creatingsmiles.info\/es\/wp-json\/wp\/v2\/types\/page"}],"author":[{"embeddable":true,"href":"https:\/\/www.creatingsmiles.info\/es\/wp-json\/wp\/v2\/users\/1"}],"replies":[{"embeddable":true,"href":"https:\/\/www.creatingsmiles.info\/es\/wp-json\/wp\/v2\/comments?post=977"}],"version-history":[{"count":25,"href":"https:\/\/www.creatingsmiles.info\/es\/wp-json\/wp\/v2\/pages\/977\/revisions"}],"predecessor-version":[{"id":1047,"href":"https:\/\/www.creatingsmiles.info\/es\/wp-json\/wp\/v2\/pages\/977\/revisions\/1047"}],"wp:attachment":[{"href":"https:\/\/www.creatingsmiles.info\/es\/wp-json\/wp\/v2\/media?parent=977"}],"curies":[{"name":"wp","href":"https:\/\/api.w.org\/{rel}","templated":true}]}}